{"id":2,"date":"2017-12-06T00:32:16","date_gmt":"2017-12-06T00:32:16","guid":{"rendered":"http:\/\/www.ccsanchasd.edu.do\/portal\/?page_id=2"},"modified":"2022-11-10T16:35:53","modified_gmt":"2022-11-10T20:35:53","slug":"sample-page","status":"publish","type":"page","link":"https:\/\/ccsanchasd.edu.do\/portal\/sample-page\/","title":{"rendered":"Congregaci\u00f3n Hermanas de Caridad Cardenal Sancha"},"content":{"rendered":"\n    \n    <section class=\"u-align-center u-clearfix u-grey-5 u-section-2\" id=\"carousel_88b4\">\n      <div class=\"u-clearfix u-sheet u-valign-bottom u-sheet-1\">\n        <h2 class=\"u-custom-font u-font-montserrat u-text u-text-custom-color-5 u-text-1\">CONOCE NUESTRA HISTORIA COMO CONGREGRACI\u00d3N<\/h2><span class=\"u-file-icon u-icon u-text-custom-color-3 u-icon-1\"><img decoding=\"async\" src=\"data:image\/png;base64,iVBORw0KGgoAAAANSUhEUgAAAIAAAACACAYAAADDPmHLAAAAAXNSR0IArs4c6QAAB0JJREFUeF7tnX2IVGUUxp931tVW9947KpooIRERfRBR9OHO6LqKaRbSF1EIgmAWRST1h1B\/GEERQR8SRUkgRRSFVFSWZqmrO5uRREQRERESlWluO3d213bdmRP3MkqUHzPNe+6cO++Zv98553me89szd5fhXQN9OZ2Acdq9mocC4DgECoAC4HgCjtvXDaAAOJ6A4\/Z1AygAjifguH3dAAqA4wk4bl83gALgeAKO29cNoAA4noDj9nUDKACOJ+C4fd0ACoDjCThuXzeAAuB4Ao7b1w2gADiegOP2dQMoAI4n4Lh93QAKgOMJOG5fN4AC4HgCjtvXDaAAOJ6A4\/Z1AygAjifguH3dAAqA4wk4bl83gALgeAKO29cNoAA4noDj9q1tgFKhcyYZsw6E6Y5nymufMGAMPePlhg7ZaGQNgMFC0GtAC2yI0hqnT4Bg9mRzxW4bOdkEYMSAOmyI0hpnTGAkyIVTzniqhgPWAAgL3iaCubOGnnqkwQQMaJOfK93VYJn47dYAoP1oD0f9LQBW2BCmNU6RAGGbH4Y3muUYtZGRNQAiMfQNJoZF\/20A19sQpzX+k8AOfyxcYXrwl61srAIQQ9CPjhJ5HxDMIlsitU6cQN\/RoY5ls5b+PmwzD+sAROJ+3T978uTR4Q8NyMqTqk3DKa3VPzo2aenMnsNDtvWzABCJPLj97CkdnUc\/AjDftmjH6u0bo4nXzsj\/UeLwzQZAJHZg\/9SgbbS8A8CVHOIdqPkVDBYHXeEAl1dWACLRf+7KZjMTK58CuJzLRCvWNURfox2L\/KtLRzj9sQMQiS\/t6ZxRacvsAnAxp5kWqv19W3t5YedVwwe5PSUCQAxBoXNmBZndAC7kNpXy+j9MKI93T1kw8lsSPhIDIDIz0t8x5xi19wI4LwlzKexxoIJM99Tc4IGktCcKQGTqSO+0cya0j\/eCcG5SJlPS52caN93Z7uJPSepNHID4wbCQnZtBJdoEc5M0K7UXwfwCoDubK\/6YtMamABCZLO7zz0cZ0TPB7KRNC+t3KJOpLPTmDX3XDF1NAyAyG\/Z5FxDMbhjMaoZ5AT0PZ6jS4+WHvm2WlqYCEJke2Df10rZyeSfg3DeJBiljFmfnFb9s1vCjvk0HoPpMcFkG8R+LpjUzjAR7FwEsCXLhFwn2PGkrEQDEzwR9\/jUw+BiA1+xQWPsbDJsKXefnS3tZ+9RYXAwA8TNBv9dFZLYD6KxRf9qOjWRMZbnXNRT9BiTiJQqAGIK9Xp7azDYQrHznTUTK0fckYI4CuCGbK0bPO2Je4gCIkhnsC5YYQ+8BOEtMUo0JGQNwc5ALtzZWxv67RQIQPxP0+8tAeBfAJPu2E614zFToFn9+6f1Eu9bYTCwA1WeCm4jMmwDaa\/Qj7ViZyKzM5ouRB5Ev0QDEHweF4FYDegPABJEJnlpUGQargq7wdcm6xQNQ\/ThYBcJmABnJYf5DGxmitX6+9LJ0vakAIP44KHirCSYKVDoERGTuyeaLL0offqQvNQDEEPR5a8iYTYJ1EwzuC7rC59Mw\/NQBUP04uB+EZyUGbEDr\/VzpSYnaTqUpVRvguImw4D1AME9JCprIPJzNFx+XpKkWLakEIN4EBf8RABtqMcl+hrAhyIePsvdhaJBaAKoPho8RzEMMudRT8ukgFz5YzxsknU01AFUIniCY9U0KdWOQC9c1qbeVtqkHgAgmLPjPweBeK4nUWCT6lTToKq41BlTjW0QeSz0AUaoxBJ\/5L4BwdxIpE8zmoKu4xhhUkujH2aMlADgOQanfe4n9lhLCq34uXN0Kw0\/l3wFO99NAb6EtnOO\/AmAlx0+NAW3xxkp3mB6Mc9RvRs2W2QDHw6tC8BqA220GSmTeCY4Vb2ul4bfcBjgBge37iizfy2MTzEZrtdwGOAGBvfuKrN\/L0+jQbL6\/ZQGIHwwbv6+I5V4emwNstFZLAxCFE91X1DlW2kpkFtYZFtu9PHXqYD3e8gBE6f2P+4pY7+VhnWidxZ0AIMqkjvuK2O\/lqXNGrMedASBKMb6vaFLlExCuOFmqSd3LwzrROos7BUCUTXRfUbmtbacBXfKvrBK7l6fOGbEedw6AGILoviKT2QXCRdV0E72Xh3WidRZ3EoAoo\/BzbzqNx\/\/ggkw7beS+jq3OuSR23FkAEktYeCMFQPiAuOUpANwJC6+vAAgfELc8BYA7YeH1FQDhA+KWpwBwJyy8vgIgfEDc8hQA7oSF11cAhA+IW54CwJ2w8PoKgPABcctTALgTFl5fARA+IG55CgB3wsLrKwDCB8QtTwHgTlh4fQVA+IC45SkA3AkLr68ACB8QtzwFgDth4fUVAOED4panAHAnLLy+AiB8QNzyFADuhIXXVwCED4hbngLAnbDw+gqA8AFxy1MAuBMWXl8BED4gbnkKAHfCwusrAMIHxC1PAeBOWHh9BUD4gLjlKQDcCQuvrwAIHxC3PAWAO2Hh9RUA4QPilqcAcCcsvP7f0Iq1kKwl+EYAAAAASUVORK5CYII=\" alt=\"\"><\/span>\n      <\/div>\n    <\/section>\n    <section class=\"u-clearfix u-custom-color-5 u-section-3\" id=\"sec-e7e6\">\n      <div class=\"u-clearfix u-sheet u-sheet-1\">\n        <img decoding=\"async\" class=\"u-expanded-width-xs u-image u-image-contain u-image-default u-image-1\" src=\"https:\/\/ccsanchasd.edu.do\/portal\/wp-content\/uploads\/2022\/09\/hermanas.png\" alt=\"\" data-image-width=\"1865\" data-image-height=\"1824\">\n      <\/div>\n    <\/section>\n    <section class=\"u-align-center u-clearfix u-section-4\" id=\"sec-93c7\">\n      <div class=\"u-clearfix u-sheet u-sheet-1\">\n        <div class=\"u-clearfix u-expanded-width u-gutter-0 u-layout-wrap u-layout-wrap-1\">\n          <div class=\"u-layout\" style=\"\">\n            <div class=\"u-layout-row\" style=\"\">\n              <div class=\"u-align-left u-container-style u-image u-layout-cell u-left-cell u-size-30 u-size-xs-60 u-image-1\" src=\"\" data-image-width=\"1044\" data-image-height=\"1392\" style=\"background-image: url(&quot;https:\/\/ccsanchasd.edu.do\/portal\/wp-content\/uploads\/2022\/09\/CapturadePantalla2022-09-23alas4.53.30p.m..png&quot;);\">\n                <div class=\"u-container-layout u-valign-middle u-container-layout-1\" src=\"\"><\/div>\n              <\/div>\n              <div class=\"u-container-style u-custom-color-4 u-layout-cell u-right-cell u-size-30 u-size-xs-60 u-layout-cell-2\">\n                <div class=\"u-container-layout u-container-layout-2\">\n                  <h2 class=\"u-align-center u-custom-font u-font-montserrat u-text u-text-custom-color-5 u-text-1\">NUEST\u200bR\u200bA HISTORIA<\/h2>\n                  <p class=\"u-align-justify u-custom-font u-font-montserrat u-text u-text-2\"> Las Hermanas de la Caridad del Cardenal Sancha, es una Congregaci\u00f3n religiosa, de la Iglesia Cat\u00f3lica, fundada el 5 de Agosto del 1969 en Santiago de Cuba, por el presb\u00edtero Ciriaco Sancha y Herv\u00e1s (Cardenal Sancha). Realiza su labor Pastoral en 11 pa\u00edses: Cuba, Rep\u00fablica Dominicana, Hait\u00ed, Colombia, Per\u00fa, Venezuela, Panam\u00e1, Puer\u200bto Rico, New York, Espa\u00f1a e Italia.\nLa congregaci\u00f3n ha recibido de la Iglesia una particular misi\u00f3n apost\u00f3lica y la realiza mediante la Educaci\u00f3n de ni\u00f1os, adolescentes y j\u00f3venes, asistencia al adulto mayor, servicio de salud (dispensarios m\u00e9dicos y Boticas), Escuelas laborales y trabajo pastoral en las Parroquias.&nbsp;<\/p>\n                <\/div>\n              <\/div>\n            <\/div>\n          <\/div>\n        <\/div>\n      <\/div>\n    <\/section>\n    <section class=\"u-align-left u-clearfix u-custom-color-3 u-section-5\" id=\"sec-669f\">\n      <div class=\"u-clearfix u-sheet u-sheet-1\">\n        <div class=\"fr-view u-clearfix u-rich-text u-text u-text-1\">\n          <h1>\n            <span class=\"u-custom-font u-font-montserrat\" style=\"font-weight: 700; font-size: 1.875rem;\">RESE\u00d1A HIST\u00d3RICA<\/span>\n          <\/h1>\n          <p id=\"isPasted\" style=\"text-align: justify;\">\n            <span class=\"u-custom-font u-font-montserrat\" style=\"font-size: 1.125rem;\">La Congregaci\u00f3n Hermanas de la Caridad del Cardenal Sancha, naci\u00f3 por inspiraci\u00f3n del Esp\u00edritu Santo, al Presb\u00edtero Ciriaco Sancha y Herv\u00e1s, en Santiago de Cuba, el d\u00eda 5 de agosto del a\u00f1o 1869 . El Presb\u00edtero Sancha y Herv\u00e1s, recibi\u00f3 la ordenaci\u00f3n sacerdotal a los 24 a\u00f1os de edad, el 21 de febrero de 1858. En 1862, inquieto con gran celo por la pastoral social y con mentalidad privilegiada, progresista, con su primer amor vocacional, aun ardiente, lo trasladan a Cuba, para continuar su misi\u00f3n sacerdotal; all\u00ed hace propio el dolor de los preferidos del Reino: los pobres.<\/span>\n          <\/p>\n          <p style=\"text-align: justify;\">\n            <span class=\"u-custom-font u-font-montserrat\" style=\"font-size: 1.125rem;\">La realidad de extrema pobreza del pueblo cubano, a consecuencia de la guerra de independencia de 1868, de cara al mensaje del Evangelio, lo retan; Sancha, ya ven\u00eda pensando en voz alta, con cuatro j\u00f3venes, sus dirigidas; c\u00f3mo llevar una acci\u00f3n concreta y eficaz que alivie las carencias de estos rostros dolientes de Cristo, que caminan ambulantes por las calles de Santiago de Cuba. Es este, el motivo fundante, la g\u00e9nesis de nuestra Congregaci\u00f3n:<\/span>\n          <\/p>\n          <blockquote>\n            <p>\n              <span class=\"u-custom-font u-font-montserrat\" style=\"font-size: 2.25rem; font-weight: 700;\">\n                <span class=\"u-text-body-color\">\u201cHermanas de los Pobre Inv\u00e1lidos y Ni\u00f1os Pobres\u2019\u2019,<\/span>\n              <\/span>\n            <\/p>\n          <\/blockquote>\n        <\/div>\n      <\/div>\n    <\/section>\n    <section class=\"u-clearfix u-custom-color-5 u-section-6\" id=\"sec-aaa0\">\n      <p class=\"u-align-justify u-custom-font u-font-montserrat u-text u-text-1\">\n        <br>\n        <br>\n        <br>Darles acogida en un hogar que les ofrezca calidad de vida.&nbsp;Sancha,&nbsp;quiso dejar plasmado en el nombre que dio a la Congregaci\u00f3n y en las Cofundadoras,&nbsp;su ideal,&nbsp;la inspiraci\u00f3n carism\u00e1tica que motiv\u00f3 su fundaci\u00f3n.&nbsp;Inspiraci\u00f3n que encarnan y viven las primeras hermanas en la misi\u00f3n y en las obras.&nbsp;Al a\u00f1o de fundada,&nbsp;el 15 de julio 1870,&nbsp;Sor Concepci\u00f3n Domingo,&nbsp;Sor Asunci\u00f3n Domingo,&nbsp;Sor Josefa Fern\u00e1ndez y Sor Caridad Flores&nbsp;,&nbsp;solicitaron al Dr&nbsp;.<br>\n        <br>Jos\u00e9 Orber\u00e1,&nbsp;Arzobispo de Santiago de Cuba,&nbsp;la aprobaci\u00f3n Diocesana.&nbsp;En la solicitud le expresan el testimonio de su primer a\u00f1o de vida consagrada al servicio del pobre.&nbsp;El Padre Fundador,&nbsp;con gran esp\u00edritu de fe y de confianza en Dios,&nbsp;envi\u00f3 a las Hermanas Mar\u00eda Estrada,&nbsp;Caridad Flores,&nbsp;Soledad Valdivia,&nbsp;Guadalupe Gal\u00e1n,&nbsp;Piedad Tejeda y Rosario Duque.&nbsp;Quieres arribaron al Puerto de Santo Domingo,&nbsp;el 14 de septiembre del mismo a\u00f1o.<br>\n        <br>En 1885 el Arzobispo de Santiago de Cuba gestion\u00f3 en Espa\u00f1a,&nbsp;la incorporaci\u00f3n de la Congregaci\u00f3n a las Hermanas de los Ancianos Desamparados.&nbsp;Esta incorporaci\u00f3n s\u00f3lo tuvo efecto en la comunidad del Asilo San Jos\u00e9,&nbsp;Santiago de Cuba,&nbsp;con lo cual perdimos nuestra Casa Madre.&nbsp;El Gobierno general estaba constituido por la Superiora General ayudada por la Hermana Intendente y la Secretar\u00eda.&nbsp;En reuni\u00f3n conjunta eleg\u00edan la nueva Superiora General,&nbsp;cuando por cualquier causa justa quedaba vacante dicho cargo.<br>\n        <br>En el a\u00f1o 1920,&nbsp;fue elegida por primera vez,&nbsp;can\u00f3nicamente,&nbsp;Superiora General Madre Joaquina Pichardo y sus consejeras&nbsp;.&nbsp;Adolfo Nouel,&nbsp;reorient\u00f3 las comunidades existentes en este Pa\u00eds hacia una nueva Congregaci\u00f3n Diocesana,&nbsp;la cual fue erigida el 21 de enero de 1920 con el nombre de Hermanas de los Pobres de Nuestra Se\u00f1ora de la Altagracia.&nbsp;Las comunidades se fueron incorporando,&nbsp;con excepci\u00f3n de la comunidad del Asilo de San Jos\u00e9,&nbsp;Puerto Plata,&nbsp;cuya Superiora,&nbsp;Madre Josefa Ericksen se opuso y escribi\u00f3 a Roma exponiendo el caso.&nbsp;Las hermanas readquieren su nombre y sus constituciones primitivas.<br>\n        <br>,&nbsp;forman una Provincia dependiente del gobierno general cuya sede era Camag\u00fcey,&nbsp;Cuba.&nbsp;La primera Superiora Provincial fue Madre Altagracia Hern\u00e1ndez&nbsp;.&nbsp;En 1944 recibi\u00f3 la Congregaci\u00f3n un Visitador Apost\u00f3lico,&nbsp;Mons.&nbsp;,&nbsp;enviado desde Roma con motivo de la solicitud de la Aprobaci\u00f3n Pontificia y en esta etapa del proceso hist\u00f3rico de esta obra de Sancha,&nbsp;dicho visitador,&nbsp;como \u00e9l mismo lo expresa en el Decreto,&nbsp;\u00abdecidi\u00f3 redactar nuevas Constituciones\u00bb&nbsp;.<br>\n        <br>Lo justifica,&nbsp;en que \u00abno percibe un nombre y unas constituciones que llenen las necesidades de la Congregaci\u00f3n,&nbsp;y persiste en que San Benito no tiene que ver nada con la misma\u00bb.&nbsp;Y la Congregaci\u00f3n adopta un nuevo paradigma,&nbsp;lejos de la fidelidad fundante.&nbsp;La Congregaci\u00f3n queda permeada por rasgos del carisma y espiritualidad de San Ignacio.&nbsp;En el Cap\u00edtulo General del a\u00f1o 1952 fue elegida Superiora General Madre Amadora de Cristo Rey Gonz\u00e1lez,&nbsp;en sustituci\u00f3n de Madre Cecilia Hern\u00e1ndez&nbsp;.<br>\n        <br>Realiz\u00f3 la dif\u00edcil tarea de retirar las hermanas de Cuba,&nbsp;cuna de la Congregaci\u00f3n,&nbsp;a consecuencia de implantarse en la Isla el r\u00e9gimen comunista.&nbsp;El cap\u00edtulo General del a\u00f1o 1964 elige a Madre Mercedes Almonte,&nbsp;Superiora General,&nbsp;en sustituci\u00f3n de Madre Amadora de Cristo Rey.&nbsp;En 1967 particip\u00f3 por primera vez,&nbsp;en la reuni\u00f3n trienal de la Uni\u00f3n Internacional de Superioras Generales,&nbsp;en Roma y fue recibida por Su Santidad Pablo VI,&nbsp;en audiencia privada.&nbsp;En este mismo a\u00f1o,&nbsp;1967,&nbsp;se estableci\u00f3 la primera comunidad en Espa\u00f1a,&nbsp;Patria del Fundador.<br>\n        <br>En el Cap\u00edtulo de 1970 fue elegida Superiora General Madre Engracia Luna en sustituci\u00f3n de Madre Mercedes Almonte&nbsp;.&nbsp;Al interior de la Congregaci\u00f3n de han vivido experiencias propias de este per\u00edodo post-conciliar,&nbsp;en b\u00fasqueda de nuevos estilos de vida comunitaria y de trabajo apost\u00f3lico.&nbsp;En 1971 la Congregaci\u00f3n extiende sus servicios a Venezuela.&nbsp;Esta expansi\u00f3n,&nbsp;en varios pa\u00edses,&nbsp;hace necesario la creaci\u00f3n de las Delegaciones en el gobierno de la Congregaci\u00f3n.<br>\n        <br>El Concilio Vaticano II,&nbsp;exhorta a la Vida Religiosa volver a las fuentes carism\u00e1ticas primigenias.&nbsp;La Congregaci\u00f3n en respuesta a este llamado,&nbsp;despu\u00e9s de un serio discernimiento,&nbsp;redact\u00f3 nuevas Constituciones,&nbsp;aprobadas en 1982,&nbsp;por las que intentamos recuperar la naturaleza originaria de nuestro carisma y la influencia de San Benito en nuestra espiritualidad&nbsp;.&nbsp;El Cap\u00edtulo General Extraordinario,&nbsp;celebrado en diciembre de 1980 aprob\u00f3 el nuevo Texto de Constituciones renovadas,&nbsp;en base a los estudios realizados por todos los miembros de la Congregaci\u00f3n.&nbsp;Este texto fue sometido a la aprobaci\u00f3n de la Santa Sede y el 12 de octubre 1981,&nbsp;despu\u00e9s de introducir las modificaciones sugeridas por el Congreso,&nbsp;fue aprobado por la Sagrado Congregaci\u00f3n para Religiosos e Institutos Seculares.<br>\n      <\/p>\n    <\/section>\n    \n    \n  \n","protected":false},"excerpt":{"rendered":"<p>CONOCE NUESTRA HISTORIA COMO CONGREGRACI\u00d3N NUEST\u200bR\u200bA HISTORIA Las Hermanas de la Caridad del Cardenal Sancha, es una Congregaci\u00f3n religiosa, de la Iglesia Cat\u00f3lica, fundada el 5 de Agosto del 1969 en Santiago de Cuba, por el presb\u00edtero Ciriaco Sancha y Herv\u00e1s (Cardenal Sancha). Realiza su labor Pastoral en 11 pa\u00edses: Cuba, Rep\u00fablica Dominicana, Hait\u00ed, Colombia, &hellip; <a href=\"https:\/\/ccsanchasd.edu.do\/portal\/sample-page\/\" class=\"more-link\">Continue reading<span class=\"screen-reader-text\"> \u00abCongregaci\u00f3n Hermanas de Caridad Cardenal Sancha\u00bb<\/span><\/a><\/p>\n","protected":false},"author":1,"featured_media":0,"parent":0,"menu_order":0,"comment_status":"closed","ping_status":"open","template":"","meta":{"footnotes":""},"class_list":["post-2","page","type-page","status-publish","hentry"],"_links":{"self":[{"href":"https:\/\/ccsanchasd.edu.do\/portal\/wp-json\/wp\/v2\/pages\/2","targetHints":{"allow":["GET"]}}],"collection":[{"href":"https:\/\/ccsanchasd.edu.do\/portal\/wp-json\/wp\/v2\/pages"}],"about":[{"href":"https:\/\/ccsanchasd.edu.do\/portal\/wp-json\/wp\/v2\/types\/page"}],"author":[{"embeddable":true,"href":"https:\/\/ccsanchasd.edu.do\/portal\/wp-json\/wp\/v2\/users\/1"}],"replies":[{"embeddable":true,"href":"https:\/\/ccsanchasd.edu.do\/portal\/wp-json\/wp\/v2\/comments?post=2"}],"version-history":[{"count":19,"href":"https:\/\/ccsanchasd.edu.do\/portal\/wp-json\/wp\/v2\/pages\/2\/revisions"}],"predecessor-version":[{"id":20256,"href":"https:\/\/ccsanchasd.edu.do\/portal\/wp-json\/wp\/v2\/pages\/2\/revisions\/20256"}],"wp:attachment":[{"href":"https:\/\/ccsanchasd.edu.do\/portal\/wp-json\/wp\/v2\/media?parent=2"}],"curies":[{"name":"wp","href":"https:\/\/api.w.org\/{rel}","templated":true}]}}