{"id":20454,"date":"2023-07-14T16:02:27","date_gmt":"2023-07-14T20:02:27","guid":{"rendered":"https:\/\/ccsanchasd.edu.do\/portal\/?page_id=20454"},"modified":"2025-07-21T20:07:16","modified_gmt":"2025-07-22T00:07:16","slug":"listadelibros","status":"publish","type":"page","link":"https:\/\/ccsanchasd.edu.do\/portal\/listadelibros\/","title":{"rendered":"Listadelibros"},"content":{"rendered":"\n    \n    <section class=\"u-clearfix u-custom-color-4 u-section-2\" id=\"sec-d120\">\n      <div class=\"u-clearfix u-sheet u-sheet-1\">\n        <img decoding=\"async\" class=\"u-align-center u-image u-image-contain u-image-round u-radius-10 u-image-1\" src=\"https:\/\/ccsanchasd.edu.do\/portal\/wp-content\/uploads\/2023\/07\/Listadodelibrosymateriales.png\" alt=\"\" data-image-width=\"1920\" data-image-height=\"1080\">\n        <div class=\"custom-expanded u-align-center u-container-style u-expanded-width-lg u-expanded-width-xl u-group u-palette-4-base u-radius-20 u-shape-round u-group-1\">\n          <div class=\"u-container-layout u-valign-middle-md u-container-layout-1\">\n            <h3 class=\"u-text u-text-1\">Actualizado <\/h3>\n          <\/div>\n        <\/div>\n        <p class=\"u-align-center u-text u-text-2\">Hacer clic en <span style=\"font-weight: 700;\" class=\"u-text-palette-2-base\">DESCARGAR<\/span> en el curso correspondiente para obtener la lista de libros para el a\u00f1os escolar <span style=\"font-weight: 700;\" class=\"u-text-palette-2-base\">2025-2026<\/span>.&nbsp;\n        <\/p>\n        <p class=\"u-align-center u-text u-text-3\">INICIAL<\/p>\n        <div class=\"custom-expanded u-list u-list-1\">\n          <div class=\"u-repeater u-repeater-1\">\n            <div class=\"u-container-style u-list-item u-repeater-item\">\n              <div class=\"u-container-layout u-similar-container u-valign-middle u-container-layout-2\">\n                <div class=\"u-align-center u-container-align-center u-container-style u-custom-color-2 u-group u-group-2\">\n                  <div class=\"u-container-layout u-container-layout-3\">\n                    <h1 class=\"u-text u-text-4\">P\u00c1RVULO<\/h1>\n                    <a href=\"https:\/\/ccsanchasd.edu.do\/portal\/wp-content\/uploads\/2025\/07\/Lista-de-libros-y-materiales-Parvulo-2025-2026.pdf\" class=\"u-border-none u-btn u-btn-round u-button-style u-color-scheme-summer-time u-color-style-multicolor-1 u-custom-color-6 u-file-link u-radius-50 u-btn-1\" target=\"_blank\">DESCARGAR<\/a>\n                  <\/div>\n                <\/div>\n              <\/div>\n            <\/div>\n            <div class=\"u-container-style u-list-item u-repeater-item\">\n              <div class=\"u-container-layout u-similar-container u-valign-middle u-container-layout-4\">\n                <div class=\"u-align-center u-container-align-center u-container-style u-custom-color-2 u-group u-group-3\">\n                  <div class=\"u-container-layout u-container-layout-5\">\n                    <h1 class=\"u-text u-text-5\">PRE-K\u00cdNDER<\/h1>\n                    <a href=\"https:\/\/ccsanchasd.edu.do\/portal\/wp-content\/uploads\/2025\/07\/Lista-de-libros-y-materiales-Pre-KInder-2025-2026.pdf\" class=\"u-border-none u-btn u-btn-round u-button-style u-color-scheme-summer-time u-color-style-multicolor-1 u-custom-color-6 u-file-link u-radius-50 u-btn-2\" target=\"_blank\">DESCARGAR<\/a>\n                  <\/div>\n                <\/div>\n              <\/div>\n            <\/div>\n            <div class=\"u-container-style u-list-item u-repeater-item\">\n              <div class=\"u-container-layout u-similar-container u-valign-middle u-container-layout-6\">\n                <div class=\"u-align-center u-container-align-center u-container-style u-custom-color-2 u-group u-group-4\">\n                  <div class=\"u-container-layout u-container-layout-7\">\n                    <h1 class=\"u-text u-text-6\">K\u00cdNDER<\/h1>\n                    <a href=\"https:\/\/ccsanchasd.edu.do\/portal\/wp-content\/uploads\/2025\/07\/LIsta-de-libros-y-materiales-KInder-2025-2026.pdf\" class=\"u-border-none u-btn u-btn-round u-button-style u-color-scheme-summer-time u-color-style-multicolor-1 u-custom-color-6 u-file-link u-radius-50 u-btn-3\" target=\"_blank\">DESCARGAR<\/a>\n                  <\/div>\n                <\/div>\n              <\/div>\n            <\/div>\n            <div class=\"u-container-style u-list-item u-repeater-item\">\n              <div class=\"u-container-layout u-similar-container u-valign-middle u-container-layout-8\">\n                <div class=\"u-align-center u-container-align-center u-container-style u-custom-color-2 u-group u-group-5\">\n                  <div class=\"u-container-layout u-container-layout-9\">\n                    <h1 class=\"u-text u-text-7\">PRE-PRIMARIO<\/h1>\n                    <a href=\"https:\/\/ccsanchasd.edu.do\/portal\/wp-content\/uploads\/2025\/07\/Lista-de-libros-y-materiales-Pre-Primario-2025-2026-CCS.pdf\" class=\"u-border-none u-btn u-btn-round u-button-style u-color-scheme-summer-time u-color-style-multicolor-1 u-custom-color-6 u-file-link u-radius-50 u-btn-4\" target=\"_blank\">DESCARGAR<\/a>\n                  <\/div>\n                <\/div>\n              <\/div>\n            <\/div>\n          <\/div>\n        <\/div>\n        <p class=\"u-align-center u-text u-text-8\">PRIMARIA&nbsp;<\/p>\n        <div class=\"custom-expanded u-list u-list-2\">\n          <div class=\"u-repeater u-repeater-2\">\n            <div class=\"u-container-style u-list-item u-repeater-item\">\n              <div class=\"u-container-layout u-similar-container u-valign-middle u-container-layout-10\">\n                <div class=\"u-align-center u-container-align-center u-container-style u-group u-palette-3-light-2 u-group-6\">\n                  <div class=\"u-container-layout u-container-layout-11\">\n                    <h1 class=\"u-text u-text-9\">PRIMERO DE PRIMARIA<\/h1>\n                    <a href=\"https:\/\/ccsanchasd.edu.do\/portal\/wp-content\/uploads\/2025\/07\/Lista-de-libros-1ro.-de-Primaria-2025-2026-CCS.pdf\" class=\"u-btn u-btn-round u-button-style u-color-scheme-summer-time u-color-style-multicolor-1 u-custom-color-6 u-file-link u-radius-50 u-btn-5\" target=\"_blank\">dESCARGAR<\/a>\n                  <\/div>\n                <\/div>\n              <\/div>\n            <\/div>\n            <div class=\"u-container-style u-list-item u-repeater-item\">\n              <div class=\"u-container-layout u-similar-container u-valign-middle u-container-layout-12\">\n                <div class=\"u-align-center u-container-align-center u-container-style u-group u-palette-3-light-2 u-group-7\">\n                  <div class=\"u-container-layout u-container-layout-13\">\n                    <h1 class=\"u-text u-text-10\">SEGUNDO DE PRIMARIA<\/h1>\n                    <a href=\"https:\/\/ccsanchasd.edu.do\/portal\/wp-content\/uploads\/2025\/07\/Lista-de-libros-2do.-de-Primaria-2025-2026-CCS.pdf\" class=\"u-btn u-btn-round u-button-style u-color-scheme-summer-time u-color-style-multicolor-1 u-custom-color-6 u-file-link u-radius-50 u-btn-6\" target=\"_blank\">DESCARGAR<\/a>\n                  <\/div>\n                <\/div>\n              <\/div>\n            <\/div>\n            <div class=\"u-container-style u-list-item u-repeater-item\">\n              <div class=\"u-container-layout u-similar-container u-valign-middle u-container-layout-14\">\n                <div class=\"u-align-center u-container-align-center u-container-style u-group u-palette-3-light-2 u-group-8\">\n                  <div class=\"u-container-layout u-container-layout-15\">\n                    <h1 class=\"u-text u-text-11\">&nbsp;TERCERO DE PRIMARIA<\/h1>\n                    <a href=\"https:\/\/ccsanchasd.edu.do\/portal\/wp-content\/uploads\/2025\/07\/Lista-de-libros-3ero.-Primaria-2025-2026-CCS.pdf\" class=\"u-btn u-btn-round u-button-style u-color-scheme-summer-time u-color-style-multicolor-1 u-custom-color-6 u-file-link u-radius-50 u-btn-7\" target=\"_blank\">DESCARGAR<\/a>\n                  <\/div>\n                <\/div>\n              <\/div>\n            <\/div>\n            <div class=\"u-container-style u-list-item u-repeater-item\">\n              <div class=\"u-container-layout u-similar-container u-valign-middle u-container-layout-16\">\n                <div class=\"u-align-center u-container-align-center u-container-style u-group u-palette-3-light-2 u-group-9\">\n                  <div class=\"u-container-layout u-container-layout-17\">\n                    <h1 class=\"u-text u-text-12\">CUARTO DE PRIMARIA<\/h1>\n                    <a href=\"https:\/\/ccsanchasd.edu.do\/portal\/wp-content\/uploads\/2025\/07\/Lista-de-libros-4to.-de-primaria-2025-2026-CCS.pdf\" class=\"u-btn u-btn-round u-button-style u-color-scheme-summer-time u-color-style-multicolor-1 u-custom-color-6 u-file-link u-radius-50 u-btn-8\" target=\"_blank\">DESCARGAR<\/a>\n                  <\/div>\n                <\/div>\n              <\/div>\n            <\/div>\n            <div class=\"u-container-style u-list-item u-repeater-item\">\n              <div class=\"u-container-layout u-similar-container u-valign-middle u-container-layout-18\">\n                <div class=\"u-align-center u-container-align-center u-container-style u-group u-palette-3-light-2 u-group-10\">\n                  <div class=\"u-container-layout u-container-layout-19\">\n                    <h1 class=\"u-text u-text-13\">QUINTO DE PRIMARIA<\/h1>\n                    <a href=\"https:\/\/ccsanchasd.edu.do\/portal\/wp-content\/uploads\/2025\/07\/Lista-de-libros-5to-Primaria-2025-2026-CCS.pdf\" class=\"u-btn u-btn-round u-button-style u-color-scheme-summer-time u-color-style-multicolor-1 u-custom-color-6 u-file-link u-radius-50 u-btn-9\" target=\"_blank\">DESCARGAR<\/a>\n                  <\/div>\n                <\/div>\n              <\/div>\n            <\/div>\n            <div class=\"u-container-style u-list-item u-repeater-item\">\n              <div class=\"u-container-layout u-similar-container u-valign-middle u-container-layout-20\">\n                <div class=\"u-align-center u-container-align-center u-container-style u-group u-palette-3-light-2 u-group-11\">\n                  <div class=\"u-container-layout u-container-layout-21\">\n                    <h1 class=\"u-text u-text-14\">SEXTO DE PRIMARIA<\/h1>\n                    <a href=\"https:\/\/ccsanchasd.edu.do\/portal\/wp-content\/uploads\/2025\/07\/LIsta-de-libros-6to.-de-Primaria-2025-2026-CCS.pdf\" class=\"u-btn u-btn-round u-button-style u-color-scheme-summer-time u-color-style-multicolor-1 u-custom-color-6 u-file-link u-radius-50 u-btn-10\" target=\"_blank\">DESCARGAR<\/a>\n                  <\/div>\n                <\/div>\n              <\/div>\n            <\/div>\n          <\/div>\n        <\/div>\n        <p class=\"u-align-center u-text u-text-15\">SECUNDARIA<\/p>\n        <div class=\"custom-expanded u-list u-list-3\">\n          <div class=\"u-repeater u-repeater-3\">\n            <div class=\"u-container-style u-list-item u-repeater-item\">\n              <div class=\"u-container-layout u-similar-container u-container-layout-22\">\n                <div class=\"u-align-center u-container-align-center u-container-style u-group u-palette-2-dark-3 u-group-12\">\n                  <div class=\"u-container-layout u-container-layout-23\">\n                    <h1 class=\"u-text u-text-16\">PRIMERO DE SECUNDARIA<\/h1>\n                    <a href=\"https:\/\/ccsanchasd.edu.do\/portal\/wp-content\/uploads\/2025\/07\/Lista-de-libros-1ro.-de-Secundaria-2025-2026-CCS.pdf\" class=\"u-border-none u-btn u-btn-round u-button-style u-color-scheme-summer-time u-color-style-multicolor-1 u-custom-color-6 u-file-link u-radius-50 u-btn-11\" target=\"_blank\">dESCARGAR<\/a>\n                  <\/div>\n                <\/div>\n              <\/div>\n            <\/div>\n            <div class=\"u-container-style u-list-item u-repeater-item\">\n              <div class=\"u-container-layout u-similar-container u-container-layout-24\">\n                <div class=\"u-align-center u-container-align-center u-container-style u-group u-palette-2-dark-3 u-group-13\">\n                  <div class=\"u-container-layout u-container-layout-25\">\n                    <h1 class=\"u-text u-text-17\">SEGUNDO DE SECUNDARIA<\/h1>\n                    <a href=\"https:\/\/ccsanchasd.edu.do\/portal\/wp-content\/uploads\/2025\/07\/Lista-de-libros-2do.-de-Secundaria-2025-2026-CCS.pdf\" class=\"u-border-none u-btn u-btn-round u-button-style u-color-scheme-summer-time u-color-style-multicolor-1 u-custom-color-6 u-file-link u-radius-50 u-btn-12\" target=\"_blank\">DESCARGAR<\/a>\n                  <\/div>\n                <\/div>\n              <\/div>\n            <\/div>\n            <div class=\"u-container-style u-list-item u-repeater-item\">\n              <div class=\"u-container-layout u-similar-container u-container-layout-26\">\n                <div class=\"u-align-center u-container-align-center u-container-style u-group u-palette-2-dark-3 u-group-14\">\n                  <div class=\"u-container-layout u-container-layout-27\">\n                    <h1 class=\"u-text u-text-18\">&nbsp;TERCERO DE SECUNDARIA<\/h1>\n                    <a href=\"https:\/\/ccsanchasd.edu.do\/portal\/wp-content\/uploads\/2025\/07\/LIsta-de-libros-3ro.-Secundaria-2025-2026-CCS.pdf\" class=\"u-border-none u-btn u-btn-round u-button-style u-color-scheme-summer-time u-color-style-multicolor-1 u-custom-color-6 u-file-link u-radius-50 u-btn-13\" target=\"_blank\">DESCARGAR<\/a>\n                  <\/div>\n                <\/div>\n              <\/div>\n            <\/div>\n            <div class=\"u-container-style u-list-item u-repeater-item\">\n              <div class=\"u-container-layout u-similar-container u-container-layout-28\">\n                <div class=\"u-align-center u-container-align-center u-container-style u-group u-palette-2-dark-3 u-group-15\">\n                  <div class=\"u-container-layout u-container-layout-29\">\n                    <h1 class=\"u-text u-text-19\">CUARTO DE SECUNDARIA<\/h1>\n                    <a href=\"https:\/\/ccsanchasd.edu.do\/portal\/wp-content\/uploads\/2025\/07\/Lista-de-libros-4to.-de-Secundaria-2025-2026-CCS.pdf\" class=\"u-border-none u-btn u-btn-round u-button-style u-color-scheme-summer-time u-color-style-multicolor-1 u-custom-color-6 u-file-link u-radius-50 u-btn-14\" target=\"_blank\">DESCARGAR<\/a>\n                  <\/div>\n                <\/div>\n              <\/div>\n            <\/div>\n            <div class=\"u-container-style u-list-item u-repeater-item\">\n              <div class=\"u-container-layout u-similar-container u-container-layout-30\">\n                <div class=\"u-align-center u-container-align-center u-container-style u-group u-palette-2-dark-3 u-group-16\">\n                  <div class=\"u-container-layout u-container-layout-31\">\n                    <h1 class=\"u-text u-text-20\">QUINTO DE SECUNDARIA<\/h1>\n                    <a href=\"https:\/\/ccsanchasd.edu.do\/portal\/wp-content\/uploads\/2025\/07\/Lista-de-libros-5to.-de-Secundaria-2025-2026-CCS.pdf\" class=\"u-border-none u-btn u-btn-round u-button-style u-color-scheme-summer-time u-color-style-multicolor-1 u-custom-color-6 u-file-link u-radius-50 u-btn-15\" target=\"_blank\">DESCARGAR<\/a>\n                  <\/div>\n                <\/div>\n              <\/div>\n            <\/div>\n            <div class=\"u-container-style u-list-item u-repeater-item\">\n              <div class=\"u-container-layout u-similar-container u-container-layout-32\">\n                <div class=\"u-align-center u-container-align-center u-container-style u-group u-palette-2-dark-3 u-group-17\">\n                  <div class=\"u-container-layout u-container-layout-33\">\n                    <h1 class=\"u-text u-text-21\">SEXTO DE SECUNDARIA<\/h1>\n                    <a href=\"https:\/\/ccsanchasd.edu.do\/portal\/wp-content\/uploads\/2025\/07\/LIsta-de-libros-6to.-de-Secundaria-2025-2026-CCS.pdf\" class=\"u-border-none u-btn u-btn-round u-button-style u-color-scheme-summer-time u-color-style-multicolor-1 u-custom-color-6 u-file-link u-radius-50 u-btn-16\" target=\"_blank\">DESCARGAR<\/a>\n                  <\/div>\n                <\/div>\n              <\/div>\n            <\/div>\n          <\/div>\n        <\/div>\n      <\/div>\n    <\/section>\n    \n    \n    \n  \n","protected":false},"excerpt":{"rendered":"<p>Actualizado Hacer clic en DESCARGAR en el curso correspondiente para obtener la lista de libros para el a\u00f1os escolar 2025-2026.&nbsp; INICIAL P\u00c1RVULO DESCARGAR PRE-K\u00cdNDER DESCARGAR K\u00cdNDER DESCARGAR PRE-PRIMARIO DESCARGAR PRIMARIA&nbsp; PRIMERO DE PRIMARIA dESCARGAR SEGUNDO DE PRIMARIA DESCARGAR &nbsp;TERCERO DE PRIMARIA DESCARGAR CUARTO DE PRIMARIA DESCARGAR QUINTO DE PRIMARIA DESCARGAR SEXTO DE PRIMARIA DESCARGAR SECUNDARIA &hellip; <a href=\"https:\/\/ccsanchasd.edu.do\/portal\/listadelibros\/\" class=\"more-link\">Continue reading<span class=\"screen-reader-text\"> \u00abListadelibros\u00bb<\/span><\/a><\/p>\n","protected":false},"author":101011,"featured_media":0,"parent":0,"menu_order":0,"comment_status":"closed","ping_status":"closed","template":"","meta":{"footnotes":""},"class_list":["post-20454","page","type-page","status-publish","hentry"],"_links":{"self":[{"href":"https:\/\/ccsanchasd.edu.do\/portal\/wp-json\/wp\/v2\/pages\/20454","targetHints":{"allow":["GET"]}}],"collection":[{"href":"https:\/\/ccsanchasd.edu.do\/portal\/wp-json\/wp\/v2\/pages"}],"about":[{"href":"https:\/\/ccsanchasd.edu.do\/portal\/wp-json\/wp\/v2\/types\/page"}],"author":[{"embeddable":true,"href":"https:\/\/ccsanchasd.edu.do\/portal\/wp-json\/wp\/v2\/users\/101011"}],"replies":[{"embeddable":true,"href":"https:\/\/ccsanchasd.edu.do\/portal\/wp-json\/wp\/v2\/comments?post=20454"}],"version-history":[{"count":21,"href":"https:\/\/ccsanchasd.edu.do\/portal\/wp-json\/wp\/v2\/pages\/20454\/revisions"}],"predecessor-version":[{"id":20764,"href":"https:\/\/ccsanchasd.edu.do\/portal\/wp-json\/wp\/v2\/pages\/20454\/revisions\/20764"}],"wp:attachment":[{"href":"https:\/\/ccsanchasd.edu.do\/portal\/wp-json\/wp\/v2\/media?parent=20454"}],"curies":[{"name":"wp","href":"https:\/\/api.w.org\/{rel}","templated":true}]}}