{"id":810,"date":"2017-12-07T20:24:20","date_gmt":"2017-12-08T00:24:20","guid":{"rendered":"http:\/\/www.ccsanchasd.edu.do\/portal\/?page_id=810"},"modified":"2022-11-11T09:40:10","modified_gmt":"2022-11-11T13:40:10","slug":"contactenos","status":"publish","type":"page","link":"https:\/\/ccsanchasd.edu.do\/portal\/contactenos\/","title":{"rendered":"Cont\u00e1ctenos"},"content":{"rendered":"\n    \n    <section class=\"u-clearfix u-section-2\" id=\"carousel_7b56\">\n      <div class=\"u-clearfix u-sheet u-sheet-1\">\n        <div class=\"u-clearfix u-expanded-width u-gutter-0 u-layout-wrap u-layout-wrap-1\">\n          <div class=\"u-layout\">\n            <div class=\"u-layout-row\">\n              <div class=\"u-align-left u-container-style u-layout-cell u-right-cell u-size-33 u-white u-layout-cell-1\">\n                <div class=\"u-container-layout u-container-layout-1\">\n                  <h6 class=\"u-custom-font u-font-montserrat u-text u-text-custom-color-5 u-text-1\" data-animation-name=\"\" data-animation-duration=\"0\" data-animation-delay=\"0\" data-animation-direction=\"\">Cont\u00e1ctanos<\/h6>\n                  <div class=\"u-custom-color-4 u-form u-radius-14 u-form-1\">\n                    <form action=\"https:\/\/forms.nicepagesrv.com\/Form\/Process\" class=\"u-clearfix u-form-spacing-15 u-form-vertical u-inner-form\" style=\"padding: 17px;\" source=\"email\" name=\"form\">\n                      <div class=\"u-form-email u-form-group u-form-partition-factor-2 u-label-top\">\n                        <label for=\"email-daf4\" class=\"u-label u-label-1\">Correo<\/label>\n                        <input type=\"email\" placeholder=\"Ingrese un correo valido\" id=\"email-daf4\" name=\"Correo\" class=\"u-grey-5 u-input u-input-rectangle u-radius-2\" required=\"\">\n                      <\/div>\n                      <div class=\"u-form-group u-form-name u-form-partition-factor-2 u-label-top\">\n                        <label for=\"name-daf4\" class=\"u-label u-label-2\">Nombre<\/label>\n                        <input type=\"text\" placeholder=\"Ingrese su nombre\" id=\"name-daf4\" name=\"Nombre\" class=\"u-grey-5 u-input u-input-rectangle u-radius-2\" required=\"\">\n                      <\/div>\n                      <div class=\"u-form-group u-form-phone u-label-top u-form-group-3\">\n                        <label for=\"phone-e738\" class=\"u-label u-label-3\">Tel\u00e9fono<\/label>\n                        <input type=\"tel\" pattern=\"[\\(\\-]?([0-9]{3})[\\)\\-]?[\\\/\\s]?([0-9\\-]{3,9})\" placeholder=\"Ingrese su n\u00famero de tel\u00e9fono \" id=\"phone-e738\" name=\"Tel\u00e9fono\" class=\"u-grey-5 u-input u-input-rectangle u-radius-2\" required=\"\">\n                      <\/div>\n                      <div class=\"u-form-group u-form-message u-label-top\">\n                        <label for=\"message-daf4\" class=\"u-label u-label-4\">Mensaje<\/label>\n                        <textarea placeholder=\"\" rows=\"4\" cols=\"50\" id=\"message-daf4\" name=\"message\" class=\"u-grey-5 u-input u-input-rectangle u-radius-2\" required=\"\"><\/textarea>\n                      <\/div>\n                      <div class=\"u-form-agree u-form-group u-label-top u-form-group-5\">\n                        <input type=\"checkbox\" id=\"agree-f183\" name=\"agree\" class=\"u-agree-checkbox\" required=\"\">\n                        <label for=\"agree-f183\" class=\"u-agree-label u-label u-label-5\">Acepto los Terminos de Servicio<\/label>\n                      <\/div>\n                      <p class=\"u-form-group u-form-text u-text u-text-2\">\n                        <span style=\"font-weight: 700;\" class=\"u-text-palette-2-base\">Importante:<\/span>\n                        <span class=\"u-text-palette-2-base\">Si es familia act<\/span>\n                        <span class=\"u-text-palette-2-base\">iva del centro, favor especificar su c\u00f3digo de familia.&nbsp;<\/span>\n                      <\/p>\n                      <div class=\"u-align-left u-form-group u-form-submit u-label-top\">\n                        <input type=\"submit\" value=\"submit\" class=\"u-form-control-hidden\">\n                        <a href=\"#\" class=\"u-active-palette-1-light-2 u-border-none u-btn u-btn-submit u-button-style u-custom-color-5 u-hover-palette-1-light-2 u-btn-1\">ENVIAR<\/a>\n                      <\/div>\n                      <div class=\"u-form-send-message u-form-send-success\">Gracias!  Tu mensaje ha sido enviado.<\/div>\n                      <div class=\"u-form-send-error u-form-send-message\"> Unable to send your message. Please fix errors then try again. <\/div>\n                      <input type=\"hidden\" value=\"\" name=\"recaptchaResponse\">\n                      <input type=\"hidden\" name=\"formServices\" value=\"\">\n                    <\/form>\n                  <\/div>\n                <\/div>\n              <\/div>\n              <div class=\"u-align-left u-container-style u-custom-color-4 u-layout-cell u-shape-rectangle u-size-27 u-layout-cell-2\">\n                <div class=\"u-container-layout u-container-layout-2\"><span class=\"u-custom-color-5 u-file-icon u-icon u-icon-circle u-icon-1\"><img decoding=\"async\" src=\"data:image\/png;base64,iVBORw0KGgoAAAANSUhEUgAAAIAAAACACAYAAADDPmHLAAAAAXNSR0IArs4c6QAAC\/5JREFUeF7tXQvQbtUYfh7kmjCFQVScmZJuKrckaTjddDmYlEqUk3OU6EYXTWnokMtxOMmtcyZMBlOSXBK5HUJMCYNBlEsYyjW3eM0z1t98\/\/9\/+9u3tdd+9\/etd+bMnJl\/r7Xe9azne\/faa70XIstMI8CZnn2ePDIBZpwEmQCZAOkQMDMR7tkAjgfwRAC3A7gewCUALif5n3Ta5JGEQDILYGZbA1gP4CkF0P8UwJEkr81Lkw6BJAQws2MBvA3AfUqmdieAFSQvSgfBbI\/UKQHMbCMAawCsrAGzXgMHk7yyRpv8aEMEOiOAmW0M4DIAz2qg2x8B7EDyFw3a5iY1EOiEAGb2IAD6Be9WQ5eFj34FwJ4k\/9uij9y0BIHoBDCzzQBcA2D7COifRHJ1hH5yFwUIRCWAmW0K4PMAdoyE+D8A7Ery+5H6y90sQCAaAczs\/gC+AGCXyCh\/S5+OJPWFkCUyAlEIEHb7nwCwd2T95ro7k+R5HfU90922JkA43VsH4EUdIvmv8Cr4bodjzGTXMQjwOgBnJkDvOn1V5FdBXKRbEcDMlgN4T1yVJvZ2Ksk3Jxxv6odqTAAz2xeA3vt3T4jSHQC2I\/mzhGNO9VCNCGBmWwLQ7lyffanlKpL7pB50WserTQAz04XOVwE8vkdQXkDyQz2OPzVDNyGAgD+0ZwR+C2Bbkrf1rMfgh69FADM7BcCbnMz6ApJyLMnSAoHKBDCzPQFcDeAeLcaL2VTXxjuTvDFmp7PWVyUCmNkDAXwHwKOcAbQBwB4kzZleg1GnKgE8vPeLQD2E5EcHg7gzRUsJYGZHAPiAM71H1ZHTyGNJ\/s2xjm5Vm0gAM5PJl+nXK8CznEbyjZ4V9KpbIQHCJY\/u9p\/hVfkRvf4AYCuSfxmArq5UnESAwwF80JW2k5U5i6QuprLUQGAsAczsvgB+4HDXP2lqciR9NEkFm2SpiEARAeR8cXrFPjw9di7Jsz0p5F2XRQQIFz0\/BHAv78qP0U9WYPP8RVB95cYR4K0ATqzehbsnV5J8lzutnCo0jgA\/B7CFU32rqHUDyT5vKqvo6OaZcQT4J4B7utGwmSI6GNJrLEsJAuMI8CsADx84cqeTfMPA55BE\/XEEUEjW7klG724Q5RpY1l3309PzOAIohr9LF+8U6N1IMlZ0Ugp9extjHAHk4j30E7XrSCoDSZYGe4ClAK4aOHJrSL5y4HNIov44C7AJAPnapXT3jjlZhZPvSPJ7MTud1r6KjoJviBjhmxq7C0m+LPWgQx2viADvrJnWxcv8v6Hra5J\/96KQdz2KCDC0q2Dh\/G0AS7OreD3KFRFAB0G\/TJlGrp7ai57+MoADSP65ZT8z13ySQ8g3ATxhAIjIIfSobPabrdQkApwF4Nxm3SZpJVfw8+W3kN3Cm+M9iQDbAfCakEEJI5aTfH\/zqeeWQqDMK1gewTs4g0ouX88lqXxEWVoiUEaAU4OZbTlMtObKC7A\/SfkrZomAQBkBHgHgFgB3izBWjC5WkTwjRke5j\/8jUCUy6NMAvCRkuDl4\/ubsoZEYXIUABwC4ItJ4MbpR+tgvxego91HNAuhSSLn8vfgJXkxy6P4KbrhXagGkqZkpRsBLokZ9Am5J8lY3KA5YkaoEeDAAeQsrYsiDnEcyRW5CD3PtVIdKBAhWQBU\/XtGpNtU7l7\/CFiT\/Wr1JfnIcAnUIsHnYC3hxGT+H5GvzsrZDoDIBghV4L4CXtBsyWmv9+peQVMawLA0RqEuAJSFq2EuiqLUkX95w7rlZlYOghSiZ2bsBqAqYB9EXweNI\/sSDMkPUoZYFCK+BhwH4MYD7OZnwFwHsla+Em61GbQIEEqRKEV91VseS1P4kS00EmhJA5WFkBR5ac7yuHpcrmLKI5zJzNRFuRIBgBZSm9R01x+vy8U+pLnF+FdSDuA0BdEcgv8Gd6w3Z6dNnkFzV6QhT1nljAgQrsCsA+eJ78RfQNfF+JIce2paMZq0IEEigdCwvTaZx+UA6Jt6FpO4uspQgEIMAKhOrbBwPcYT29aHsbI4T6JoAwQp4zCcsp5F9SKr6aJYCBFpbgLl+zUwBGs9zhrSKWj0nl5orXpWYBNArQCHZ8h3wJMp0fnQmwfgliUaA8Co4CMDlnlY\/6CJL8PwcPrZ4ZaISIJBA0TpHOiSB9gQHkfyTQ916U6kLAqi2gOr4PLK3WRUPrK+DA0kq8rlzMbNtAByj6ucA7g1AKfhUAvcKL7WOohMgWIGnhlLyG3WOcv0BfgfgMJLX1G9arYWZKc+yCljouLwo1Y4+nVV2dz1J5TjuRTohQCDByQC81vlVxbHXaJFi3x2Y2cYAdC\/xtIorqlI38rGQLiJnUumSAOr7MgAHJ51RvcGu1CkmyV\/Xazb+aTOTj4QWf48G\/YkIa1WXkaQqoCSRzggQrID2A6ox\/Jgks2k2iMyvCmKua2MNzEyvOy3+M5upcVcrlb1ZE4jQ+UlmpwQIJNBtoWoNaxPkWT4HYAVJRUHVFjN7X9jw1W5b0OA3ABQIq0iozmIhOydAIMHRAC6KhUyH\/cjH8EJlSiX5+6rjmNmrAXSVnFpX7ieQ1K1rdElCgEAC1RyWqR2CyPRK39Vl1UfMTMffH+74SlzpcC4GoPJ4Ud3gUxJAPgOXOt8ULiSnDo0E\/Pkk9Q0\/T8xMSbTklJoqZE77lXPkiRXrtZCMAMEKaJeslG6evIiqWCQV0VD53HUANmizaGba2F7b092HTjX19fKjKspPeiYpAQIJlHVE77WhFqVQmhrVUzwEwNZtF6BFe11zK2Jb5wfauzSS5AQIJFBNHxWm8BJb0Ag8J410A\/tikvrcri29ECCQYH8AHwPg8bi4NpA9N\/h3sAavJ6n\/V5beCBBIcFgwp16cSisD5\/RBpfV7YZ2Lpl4JEEigdC\/aXPWui9NFravWnDVQFdXSAyQXoJuZqnusrjvT\/PxEBL4mvwySN7n6CihSxswU0HFaXtSoCOjc4AiSnyzq1YUFCK8C6aJCFSuiQpA709W3zgzGHsW7IUAggTaDIoGnQJNpoNCdAJ5OUq+FeeKKACOWQK8DXbBkiYeAkmhsQ1IW4S5xR4A5zcINm4jgVsd4a5OsJ2VZl5OOfwIEa6D9wAUd37QlQ9\/BQJeSnBe84\/7XZWaHApCreT4xbM+gm0jO885yT4BgCXRsrDv3fHfQjgS3kdx0MK+AUUXNTFfIylqu28QszRD4DMl9B0mAYAl0hfxxAEpMkaU+Aqq2IsfVYWwCx80vuF7rPt6zu3n9pem+xQa5qy\/0fB7EHmAhNmYmvc8O\/7qHbvgj3AFgJ5LK7DZPBkmAuRmYmbyN9Zno3eW8bwodQ1I3rotk0AQI+wJ5Fyk5hefgkz4J8HaShWn+B0+AQAJFIK3P+4JFPFPo27JJyTGmggCBBJrLCaHOoZeaBn3+8hXppILaE3MkTQ0BRvYFCk2XC7fH\/ASpCKGqqsqaqs3fRJk6AgRr8IBgCbyktS9bh5h\/V6zC3iQVZFoqU0mAEWuwDIASWXrKYVi6KC0e+HpY\/MpRxVNNgGANtPgigcgwzXJ1KKpd6Zc\/B8TUE2DEGiiZ5Vum1BrI3Uuh7fL8qSUzQ4CRz0VVGjtuQu6eWgA6eFihYY2daWeKACPWQDeL8j18koMFbKqCXLuOI6n8Qo1lJgkQrIGyd8n5VOHW3rKbli2oMqIr09lnyx4s+\/vMEmDEGsjJROnclI5lkzLAHPxd4V\/Kfzwx4KOqnjNPgBEibBYymJwIwOtJ4iUAllc54MkEqIrAgudC4odXATgKgBI+ehDF+51MMnqNpmwBCpbXzOR6dlLYJ\/Tpi3gzgMNJKtNadMkEKIHUzOREqXrJ2jBuFX0FJncoz6fju0xwnQlQcUXNTGFr+4UzhKUdxyrcDmAlSXlCdyqZAA3gDa8HxSvodHGnBl1MaqJrXKV8SZLRPBOg5eqZ2bbBEeVAAEob1zTbiaqenkLyIy1VqtU8E6AWXJMfNjOV0t0LwG4AdgewfYUjZzlsKKv6qpifd1WnlQlQFakGz5mZaiw\/OcQxLAGgf\/Jd1JnDrcGXcS3JWxp0H6VJJkAUGIfbSSbAcNcuiuaZAFFgHG4nmQDDXbsomv8PnNUBru8oTwQAAAAASUVORK5CYII=\" alt=\"\"><\/span>\n                  <p class=\"u-custom-font u-font-montserrat u-text u-text-custom-color-5 u-text-3\"> &nbsp;<a href=\"https:\/\/www.google.com\/search?gs_ssp=eJzj4tZP1zcsSc8ozC2pMGC0UjWosEhNTLMwTzFLTUlKMzU1NLYyqEg0SzROSUlOSbRMNTdKM072Ek_Oz0lNz8xXSE4sSknNS8xRKE7MS85IBAC00BlI&amp;q=colegio+cardenal+sancha&amp;rlz=1C5CHFA_enDO895DO896&amp;oq=colegio+carde&amp;aqs=chrome.1.69i57j46i39i175i199j46i175i199i512j0i512j46i175i199i512j69i61l3.4176j0j7&amp;sourceid=chrome&amp;ie=UTF-8#\" class=\"u-active-none u-border-none u-btn u-button-link u-button-style u-hover-none u-none u-text-palette-1-base u-btn-2\">(809) 594-2056<\/a>\n                  <\/p><span class=\"u-file-icon u-icon u-text-custom-color-5 u-icon-2\"><img decoding=\"async\" src=\"data:image\/png;base64,iVBORw0KGgoAAAANSUhEUgAAAIAAAACACAYAAADDPmHLAAAAAXNSR0IArs4c6QAADbxJREFUeF7tnXuMHVUdx7+\/mVtUqLWU7l1aEAV2Z20hoklBkC2WAoE0xCChBh\/Fv\/zDR0IMKJTt3d7u7LZAMIQ\/tDHhH6gCCUSJYgOptA0tFIUENUDZ2fIQoWVnuxVaKrB77\/zMubt33ce9d2bOnDP30TPJpknv+b0\/c+bMzJlzCC14LOrIL7DscceC3YUAXbD4XGIsZNACgD8LYAGA8r8iA0cBHJv4l44R+CgT3kdAr8PCYIDiYFCc5x05kBftWuqgZo+m\/cu3nsJjJ3ejyKsZuIgIXQCWaIrrEDMGCfgbbNpJJ\/137\/A\/7zmuyVYqapsOgOXL8yeNFgvdAazVxLgc4AsBzEslW3ONjAP0AhPvtMC7TrMze199NT9WJ1+kzDYNAO0dPRezZa0DcCOARVLR6hc6AuARCoJtwwcGntdvLrmFhgZgybKeLwQFax0TROGd5OGmqsEjxjYrE2w7tH\/gX6lajmGsIQFY3NWzwmLrDgDXAWhIH2PkmAE8HlCw+fDgwIsx5FJp2lDJbXNyK4nRA8LVqUSfthHGU0wYGPHcPWmbrmavIQBod3qvYPBGACsbJTGa\/dhDoE3DXt\/Tmu2Eqq8rAIs68mdmqHgvCDeEetqKDRiPFdj+2ZED+XfqFV59AFiVz2QPFm4GKA9gfr2CbxC7HwKc95dm7sPufCFtn1IHoM3p6SamrSA6P+1gG9oe88tM\/KMRb2Bvmn6mCMBau91Z5jL49hYY2euqERPozmFvfw54tKjLyHS9qQBQutZbwcMAd6cRVPPboL2FwPpOGmMD7QC0ORvWEOhBAKc1f2FSjWCUwTeNeP3bdVrVCQBlO3u3gPgXpsuXLiGD6W5\/qG89APFASfmhBQDxwmakUHyAJp7bmyNhBhh4pC1j\/0DHiyblALQtz8+nQvH3AK5KGLcRn5mBHZyxrx95Nf+hysQoBeD0jvVtbM3bzuAVKp00uiYyQKAXKRhf896BLSOqcqIMgKXnbDyrkAl2NOFbO1W5TEuPlylYVx18Y9PbKgwqAUCc+YGVEQ8wmu2VrYoc1kOHZwWFbhU9QWIAxDXfKgS7TLefLgfichBkrMuTjgkSASBG+4cLxSfMgC\/d4k+ztmNxxr42yd1BEgCozck9ZG716lb8kmFxizjiud+VfU4gDUC2s\/dOEN9W3\/CN9QkK6C5\/qE+8Y4l9SAEw+XhXdP1S8rG9NAJhGWAGXyvz2Dh2ASde7BT\/bp7th9Uk9d9HC4H9lbgvkGICsNbOOst2m7d6qRc3okHa63v7V8V5lRwLgHandzODxYsJczRoBgi0ZdjrEzOqIx2RASjN5IH1jLnuR8prPRsxI7gs6syiaACIOXzvFl4y07jqWdcYtplf9s\/IfDXKHMNIAGSdDbcAdE8MF0zTumeAb\/W9\/l+GuREKwOSof7+ZvRuWyob7\/cNCYC8LuysIBSDbmXv0hJ2333A1jekQ4zF\/yF1bS6omAJNf7PwlplnTvIEyQKAra32BVBOArJMTo\/4T5XOtBiqbUlf2+J57WTWNVQEofagJCADM0eQZYOCyah+kVgUg25l7smW\/0m3ygsZ2n\/GUP+ReU0muIgCT3+e\/ENtQFYHhwT5Vqk4YPe1dvUpjDSi4sNL6BBUByDo5Mav3Wyo9MBDEy6ZqAAD8wffc62d7MQcAsSxLsWi9qeORr4EgGgQaii8Ms20HZ89ermYOAO2duQ1McKO5Gr+VgaB2zjQVv2SUGLnhIbd\/ugdzAMg6uUHds3sNBJUh0Fn8SYue77liHcWpYwYAk0ux7Yt\/XleWEIWuFpSBYGbOauVJJRgUBJdMX8JuBgBZJ\/crAD9WCYDQZSCQ6\/bLJ4lKAMC01R\/qm6rxFACTU7wPqVyEcfpZbiCI1+1HyZ3kiXpkccZeUp5KPgVAe9eG1cykdNWq2d28gSB6tz+9pdIeQAwGia8YHuzfWRoYlg21dfX2E3OPJFUVxSpd5w0EE6mKkwfVADDRwMhg34YZAGSd3mcB\/rpuAOIGr9KfRtEVp\/i18iUfDz3ne32XTgFQWnL948\/8R\/Wq27VG+nGTIB9sY0nKxK26BwAwTp\/+6FSx1H3pEpD9Uu\/VCPhJ1akKu9WTSYZqH9PUJxuvBgAAi67xX+t7agKAztxdIIi1fJQeYQCcSJcD2eLruQSUviS82x9ybysB0NaZ20WEVUqrDyAKACcCBEmKrwsAZuweGXIvn+gBnNxBHdusRAWglSFIWnxdAAA45HvuUhIbLGWs4geqz36hLw4ArQiBiuJrBACFwP4cqZ78MR2kuAC0EgSqiq8TADFJhLJdvd8D828boQco+6AyeTriCtOp2n8tdwGlhwD0fbGaZx+Ic2FByfwu0wM0OwSqi6+zBwCTS9mu3O\/AEEuMKD+SANCMlwMdxdcKAOEhandyf2ZgjfLqSwwCK\/mgK6mq49Xpp65LAAHbKev07tG14EPSHqBZLgc6i6+1BwDtpayTE8u9XKD6jJC5DazlQ6UkqwIsSey6i68XAIwIAN4AcHaSJFSTVV2gRoMgjeJrBiAQAIiFhxc3AwDVkqEatCi5SKv4mgFgAcAnAE6KEnTcNroKU++eIM3iawYALQOA6jFH3PGITvu67gKEzy1xCZheLF29TtgdSfl3HfY1AlAaAzT1ILDSmaqjCHG6YtX2NQJQaInbwDTGBNVspDEe0AjARy3zIEgnBGG6dUOgEYCjLfUoOKxQce9i4tx26oRAIwAjLfcySFUhZPTIyESBUiMAb7Xk6+CkhUgin0S2GgwaAdjTshNCoiQtzseXcUb2qiGIEkuUnmROG6atLT0lTFXi4hQ\/7HmBSl1SRZ8hRDedEJNCZUGQKdb0\/KrqCWT9DwOkiODME2paeNREJi28agii+h1W8Fm\/B77n2ubDkJhZk2metCfQBMD7vueeaj4Nk6mohEwSCDQB8Fffcy82H4dKFFNWRBYCHQAQ0DPsuZtLAJjPw2VLGl9OBgItABTt9uHX8\/7UCiFmgYj4xZSViAuBBgCO+Z67oDQfoByEWSJGtpxycnEg0ADAs77nds8AwCwSJVfIJFJRIVAPwP\/3EzLLxCWpoALZKBAoBoA5Yy8obztvFopUUMSkKsIgUAzAK77nnl\/22SwVm7R6iuRrQaASAAJ+OOy591cEQPynWSxaUUUl1KgsdBXzY77nfmr6b2a5eIlC6RTRDMHTvudeWRMAs2GEzvJG060NAiu41H9t4LmaAExeBsyWMdFqpa2VBggO+p57xmyHzaZR2kqYTLF6AOgm3+vbFgmAUi9gto1LVsHGkj7se25bJZfMxpGNVSgt3jD4pyNev9gMZM5hto7VkvKGUvqB77kLq3lkNo9uqFppcIbxc3\/IvUcKgMmxgNk+XkNdUlL5ju+5n69lq2YPIAQXdeTPzFjF\/QDmp+S0MaMmA2wBX3vPc2tuARwKwMRzgQ23AFS1G1Hjr9GiMgNM+NPIoPvNMJ2RAMCqfCb7buElEE29RQpTbH6vawY+PnnMPvWtt\/Ifh3kRDQCxp4DT002wntGxp3CYk+b32Bn4ie+5v44iFRkAoazd6d3M4PVRFJs2dcoAYZ8\/6Ebe\/CsWAMBaO+ss261rZdE6payVzB5dnLHbyptCRgksJgBTdwViddHTohgwbVLLQKRR\/2xvYgMgFLQ5G9YQ6AkzHkituBEMcd73+jdFaDijiRQApVvDzt47QXxbXIOmvY4M0PO+13eJjGZpAMTZ3+bkHiLgRhnDRkZRBghv+4P22UA+kNGYBABM7jguLgVXyRg3MokzMMoZ+4vlKd4y2hIBUBoPLM\/PtwrBLgavkHHAyEhn4DjGi+f6b24eltagahB3esf6tsDK7AXgJHHGyEbOwFgR9gWjXv61yBJVGibuAcp6l56z8axCJthhIEhaklD5MQqCbwwfGHg+tGWEBsoAELZET8DWvO3mchAh83JNjhdhr1Bx5pfNKwWgPCagQlHMKjYDQ7kiV5MaxXjxvKTX\/NnKlQMgDIi7g5FC8QFzi6iIAMLbbNvnJRntV\/NECwCTxsQqpFtALLal12lHUZYbVY14yGNdKnufHxaV9sJMPjZ+0Lw7CCvFnN8Z4E0yj3fjWNIOgHBmYlpZ8LB5ixi5NEct4Mqw6VyRtdVomAoAE\/bX2u3OMpfBt5tLQs2K7Fts26vivNJNAkKKAEy4WZpZxLTVTC+bUzYxfeuWqDN5khR9umzqAJSMizmGBws3A5Q3s43BTHjilE\/sb0eZw6eq8GU99QFg0nppbEDFe0G4QXVgTaLvHQu4Po1rfT1uAyPXoN3pvYLBGwGsjCzU3A0\/AKO\/1hc7aYVX1x5gdpBtTm4lMXpAuDqtBKRs5zCD89U+1EzZl5K5hgKgnIDFXT0rLLbuAHBdo\/oYs1gHAbq90vf5MfUob96QAJSjFMvVBAVrHRPWNeFbxjEAe2AFvbOXZVFexQQKGxqA6XG1d\/RczJYlQBBT0BYliFmnKIP5FSK6b\/pSbDoNJtXdNACUAxUvmkaLhe4A1mpiXA7whQDmJU1EAvljAP0DCB7nTOY3Ol7YJPAtVLTpAJgdUWmp+7GTu1Hk1QxcRIQuAEtCI5drICZeHgUwSMAfUbTvF0uuy6lqDKmmB6BSGhd15BdY9rhjwe5CgC5YfC4xFjJoIcDiA1fxqbuIvRy\/KKz4G5\/8+wTAcQD\/BtPLIOwrorhz1Bt4tzHKps6L\/wH2WZ9EPR7ucwAAAABJRU5ErkJggg==\" alt=\"\"><\/span>\n                  <p class=\"u-custom-font u-font-montserrat u-text u-text-custom-color-5 u-text-4\"> &nbsp;<a href=\"https:\/\/www.google.com\/search?gs_ssp=eJzj4tZP1zcsSc8ozC2pMGC0UjWosEhNTLMwTzFLTUlKMzU1NLYyqEg0SzROSUlOSbRMNTdKM072Ek_Oz0lNz8xXSE4sSknNS8xRKE7MS85IBAC00BlI&amp;q=colegio+cardenal+sancha&amp;rlz=1C5CHFA_enDO895DO896&amp;oq=colegio+carde&amp;aqs=chrome.1.69i57j46i39i175i199j46i175i199i512j0i512j46i175i199i512j69i61l3.4176j0j7&amp;sourceid=chrome&amp;ie=UTF-8#\" class=\"u-active-none u-border-none u-btn u-button-link u-button-style u-hover-none u-none u-text-palette-1-base u-btn-3\">info@ccsanchasd.edu.do<span style=\"font-size: 1.5rem;\"><\/span>\n                    <\/a>\n                  <\/p>\n                  <div class=\"u-expanded-width-lg u-expanded-width-md u-expanded-width-sm u-expanded-width-xs u-grey-light-2 u-map u-map-1\">\n                    <div class=\"embed-responsive\">\n                      <iframe class=\"embed-responsive-item\" src=\"\/\/maps.google.com\/maps?output=embed&amp;q=Colegio%20Cardenal%20Sancha&amp;z=10&amp;t=m\" data-map=\"JTdCJTIyYWRkcmVzcyUyMiUzQSUyMkNvbGVnaW8lMjBDYXJkZW5hbCUyMFNhbmNoYSUyMiUyQyUyMnpvb20lMjIlM0ExMCUyQyUyMnR5cGVJZCUyMiUzQSUyMnJvYWQlMjIlMkMlMjJsYW5nJTIyJTNBbnVsbCUyQyUyMmFwaUtleSUyMiUzQW51bGwlMkMlMjJtYXJrZXJzJTIyJTNBJTVCJTVEJTdE\"><\/iframe>\n                    <\/div>\n                  <\/div>\n                <\/div>\n              <\/div>\n            <\/div>\n          <\/div>\n        <\/div>\n      <\/div>\n    <\/section>\n    <section class=\"u-align-center u-clearfix u-grey-5 u-section-3\" id=\"sec-ed87\">\n      <div class=\"u-clearfix u-sheet u-sheet-1\">\n        <div class=\"u-clearfix u-expanded-width u-layout-wrap u-layout-wrap-1\">\n          <div class=\"u-gutter-0 u-layout\">\n            <div class=\"u-layout-row\">\n              <div class=\"u-align-center u-container-style u-layout-cell u-left-cell u-size-30 u-layout-cell-1\">\n                <div class=\"u-container-layout u-valign-middle u-container-layout-1\">\n                  <h2 class=\"u-custom-font u-font-montserrat u-text u-text-1\">S\u00edguenos en nuestras <span class=\"u-text-custom-color-5\">Redes Sociales&nbsp;<\/span>\n                  <\/h2>\n                <\/div>\n              <\/div>\n              <div class=\"u-align-center u-container-style u-layout-cell u-right-cell u-size-30 u-layout-cell-2\">\n                <div class=\"u-container-layout u-valign-middle u-container-layout-2\">\n                  <div class=\"u-social-icons u-spacing-10 u-social-icons-1\">\n                    <a class=\"u-social-url\" title=\"facebook\" target=\"_blank\" href=\"https:\/\/m.facebook.com\/profile.php?id=441727335846076\"><span class=\"u-icon u-social-facebook u-social-icon u-icon-1\"><svg class=\"u-svg-link\" preserveAspectRatio=\"xMidYMin slice\" viewBox=\"0 0 112.196 112.196\" style=\"\"><use xlink:href=\"#svg-194c\"><\/use><\/svg><svg class=\"u-svg-content\" viewBox=\"0 0 112.196 112.196\" x=\"0px\" y=\"0px\" id=\"svg-194c\" style=\"enable-background:new 0 0 112.196 112.196;\"><g><circle style=\"fill:currentColor;\" cx=\"56.098\" cy=\"56.098\" r=\"56.098\"><\/circle><path style=\"fill:#FFFFFF;\" d=\"M70.201,58.294h-10.01v36.672H45.025V58.294h-7.213V45.406h7.213v-8.34   c0-5.964,2.833-15.303,15.301-15.303L71.56,21.81v12.51h-8.151c-1.337,0-3.217,0.668-3.217,3.513v7.585h11.334L70.201,58.294z\"><\/path>\n<\/g><\/svg><\/span>\n                    <\/a>\n                    <a class=\"u-social-url\" target=\"_blank\" data-type=\"Instagram\" title=\"Instagram\" href=\"https:\/\/www.instagram.com\/ccs_sde\/?hl=es\"><span class=\"u-icon u-social-icon u-social-instagram u-icon-2\"><svg class=\"u-svg-link\" preserveAspectRatio=\"xMidYMin slice\" viewBox=\"0 0 112 112\" style=\"\"><use xlink:href=\"#svg-7eb4\"><\/use><\/svg><svg class=\"u-svg-content\" viewBox=\"0 0 112 112\" x=\"0\" y=\"0\" id=\"svg-7eb4\"><circle fill=\"currentColor\" cx=\"56.1\" cy=\"56.1\" r=\"55\"><\/circle><path fill=\"#FFFFFF\" d=\"M55.9,38.2c-9.9,0-17.9,8-17.9,17.9C38,66,46,74,55.9,74c9.9,0,17.9-8,17.9-17.9C73.8,46.2,65.8,38.2,55.9,38.2\n            z M55.9,66.4c-5.7,0-10.3-4.6-10.3-10.3c-0.1-5.7,4.6-10.3,10.3-10.3c5.7,0,10.3,4.6,10.3,10.3C66.2,61.8,61.6,66.4,55.9,66.4z\"><\/path><path fill=\"#FFFFFF\" d=\"M74.3,33.5c-2.3,0-4.2,1.9-4.2,4.2s1.9,4.2,4.2,4.2s4.2-1.9,4.2-4.2S76.6,33.5,74.3,33.5z\"><\/path><path fill=\"#FFFFFF\" d=\"M73.1,21.3H38.6c-9.7,0-17.5,7.9-17.5,17.5v34.5c0,9.7,7.9,17.6,17.5,17.6h34.5c9.7,0,17.5-7.9,17.5-17.5V38.8\n            C90.6,29.1,82.7,21.3,73.1,21.3z M83,73.3c0,5.5-4.5,9.9-9.9,9.9H38.6c-5.5,0-9.9-4.5-9.9-9.9V38.8c0-5.5,4.5-9.9,9.9-9.9h34.5\n            c5.5,0,9.9,4.5,9.9,9.9V73.3z\"><\/path><\/svg><\/span>\n                    <\/a>\n                  <\/div>\n                <\/div>\n              <\/div>\n            <\/div>\n          <\/div>\n        <\/div>\n      <\/div>\n    <\/section>\n    \n    \n  \n","protected":false},"excerpt":{"rendered":"<p>Cont\u00e1ctanos Correo Nombre Tel\u00e9fono Mensaje Acepto los Terminos de Servicio Importante: Si es familia act iva del centro, favor especificar su c\u00f3digo de familia.&nbsp; ENVIAR Gracias! Tu mensaje ha sido enviado. Unable to send your message. Please fix errors then try again. &nbsp;(809) 594-2056 &nbsp;info@ccsanchasd.edu.do S\u00edguenos en nuestras Redes Sociales&nbsp;<\/p>\n","protected":false},"author":1,"featured_media":0,"parent":0,"menu_order":0,"comment_status":"closed","ping_status":"closed","template":"","meta":{"footnotes":""},"class_list":["post-810","page","type-page","status-publish","hentry"],"_links":{"self":[{"href":"https:\/\/ccsanchasd.edu.do\/portal\/wp-json\/wp\/v2\/pages\/810","targetHints":{"allow":["GET"]}}],"collection":[{"href":"https:\/\/ccsanchasd.edu.do\/portal\/wp-json\/wp\/v2\/pages"}],"about":[{"href":"https:\/\/ccsanchasd.edu.do\/portal\/wp-json\/wp\/v2\/types\/page"}],"author":[{"embeddable":true,"href":"https:\/\/ccsanchasd.edu.do\/portal\/wp-json\/wp\/v2\/users\/1"}],"replies":[{"embeddable":true,"href":"https:\/\/ccsanchasd.edu.do\/portal\/wp-json\/wp\/v2\/comments?post=810"}],"version-history":[{"count":27,"href":"https:\/\/ccsanchasd.edu.do\/portal\/wp-json\/wp\/v2\/pages\/810\/revisions"}],"predecessor-version":[{"id":20260,"href":"https:\/\/ccsanchasd.edu.do\/portal\/wp-json\/wp\/v2\/pages\/810\/revisions\/20260"}],"wp:attachment":[{"href":"https:\/\/ccsanchasd.edu.do\/portal\/wp-json\/wp\/v2\/media?parent=810"}],"curies":[{"name":"wp","href":"https:\/\/api.w.org\/{rel}","templated":true}]}}