{"id":828,"date":"2017-12-08T07:35:25","date_gmt":"2017-12-08T11:35:25","guid":{"rendered":"http:\/\/www.ccsanchasd.edu.do\/portal\/?page_id=828"},"modified":"2022-09-26T16:13:08","modified_gmt":"2022-09-26T20:13:08","slug":"cardenal-ciriaco-maria-sancha-hervas","status":"publish","type":"page","link":"https:\/\/ccsanchasd.edu.do\/portal\/cardenal-ciriaco-maria-sancha-hervas\/","title":{"rendered":"Cardenal Ciriaco Mar\u00eda Sancha Herv\u00e1s"},"content":{"rendered":"\n    \n    <section class=\"u-align-center u-clearfix u-custom-color-4 u-section-2\" id=\"carousel_4bdd\">\n      <div class=\"u-clearfix u-sheet u-sheet-1\">\n        <a href=\"https:\/\/nicepage.com\/landing-page\" class=\"u-border-none u-btn u-btn-round u-button-style u-custom-color-3 u-custom-font u-font-montserrat u-hover-palette-1-light-1 u-radius-50 u-btn-1\">CARDENAL CIRIACO MARIA SANCHA&nbsp;<\/a>\n        <h3 class=\"u-custom-font u-font-montserrat u-text u-text-palette-1-base u-text-1\"> \u201cEl auxilio de personas id\u00f3neas y habitaci\u00f3n donde puedan vivir sin la suprema amargura que experimenta el coraz\u00f3n pobre, pues no por ser tal, deja de tener sentimientos\u201d.<\/h3>\n        <p class=\"u-text u-text-2\"> Ciriaco Mar\u00eda Sancha y Herv\u00e1s fue un arzobispo y patriarca latino espa\u00f1ol, cardenal y te\u00f3logo de la Iglesia cat\u00f3lica. Fue beatificado el 18 de octubre de 2009 en la catedral de Toledo.<\/p>\n      <\/div>\n    <\/section>\n    <section class=\"u-clearfix u-custom-color-5 u-section-3\" id=\"sec-8aa0\">\n      <div class=\"u-clearfix u-sheet u-sheet-1\">\n        <img decoding=\"async\" class=\"u-image u-image-contain u-image-default u-image-1\" src=\"https:\/\/ccsanchasd.edu.do\/portal\/wp-content\/uploads\/2022\/09\/conoce.png\" alt=\"\" data-image-width=\"1865\" data-image-height=\"2480\">\n        <h1 class=\"u-custom-font u-font-montserrat u-text u-text-custom-color-3 u-text-default u-text-1\">Rese\u00f1a Hist\u00f3rica<\/h1>\n      <\/div>\n    <\/section>\n    <section class=\"u-align-center u-clearfix u-custom-color-5 u-section-4\" id=\"sec-0c95\">\n      <p class=\"u-align-justify u-custom-font u-font-montserrat u-text u-text-1\"> Beato Ciriaco Mar\u00eda Sancha Herv\u00e1s hijo extraordinario de la Iglesia,&nbsp;de origen humilde,&nbsp;naci\u00f3 de padres cristianos,&nbsp;labradores,&nbsp;en Quintana del Pidio,&nbsp;Burgos,&nbsp;Espa\u00f1a,&nbsp;el d\u00eda 18 de junio 1833.&nbsp;Viaj\u00f3 a Cuba como Secretario de Mons.&nbsp;Primo Calvo L\u00f3pez,&nbsp;con sede en Santiago de Cuba.&nbsp;Preocupado por tantos menesterosos,&nbsp;a ra\u00edz de la Guerra de los diez a\u00f1os,&nbsp;se dedica a buscar medios eficaces y duraderos para mejorar su situaci\u00f3n.<br>\n        <br>As\u00ed el d\u00eda 5 de agosto de 1869 naci\u00f3 en la Iglesia la nueva Congregaci\u00f3n Religiosa \"HERMANAS DE LOS POBRES INVALIDOS Y NI\u00d1OS POBRES\" bajo la protecci\u00f3n de la Sma.&nbsp;Virgen,&nbsp;con el debido permiso de sus superiores inmediatos.&nbsp;Presta sus servicios en la Iglesia por medios de la Evangelizaci\u00f3n,&nbsp;Ense\u00f1anza,&nbsp;Promoci\u00f3n humana y Asistencia Social.&nbsp;De Cuba,&nbsp;fue llamado a Espa\u00f1a en el a\u00f1o 1875,&nbsp;como Obispo Auxiliar de Madrid Sigui\u00f3 escalando los Servicios Episcopales hasta Cardenal Primado de Espa\u00f1a.<br>\n        <br>\n        <br>\n      <\/p>\n    <\/section>\n    <section class=\"u-align-center u-clearfix u-custom-color-4 u-section-5\" id=\"sec-b66d\">\n      <div class=\"u-clearfix u-sheet u-sheet-1\">\n        <h1 class=\"u-custom-font u-font-montserrat u-text u-text-custom-color-5 u-text-default u-text-1\"> ASPECTOS M\u00c1S SIGNIFICATIVOS DE SU VIDA&nbsp;FIDELIDAD A LA IGLESIA<\/h1>\n        <p class=\"u-align-justify u-custom-font u-font-montserrat u-text u-text-2\"> Fue encarcelado durante 10 meses en Santiago de Cuba,&nbsp;en el a\u00f1o 1873,&nbsp;por no reconocer como Obispo al P.&nbsp;En Madrid,&nbsp;acepta sustituir al Primer Obispo,&nbsp;vilmente asesinado en la puerta de la Catedral.&nbsp;Desde Valencia,&nbsp;en 1894,&nbsp;llev\u00f3,&nbsp;ante el Papa Le\u00f3n XIII,&nbsp;una peregrinaci\u00f3n de 18,000 obreros.&nbsp;En sus cartas y pastorales fomentaba siempre entre sus fieles la adhesi\u00f3n filial al Sumo Pont\u00edfice,&nbsp;Vicario de Cristo.&nbsp;&nbsp;<br>\n          <br>Nos transmiti\u00f3 esta fidelidad con su vida y nos la prescribi\u00f3 en las Constituciones: \u201cComo hijas sumisas de la Iglesia Cat\u00f3lica, Apost\u00f3lica y Romana, se distinguir\u00e1 en prestar obediencia ciega y en tener entera dependencia y profunda reverencia al Sumo Pont\u00edfice\u2026 Adem\u00e1s, obedecer\u00e1n y guardar\u00e1n tambi\u00e9n reverencia a los Prelados leg\u00edtimos de la Di\u00f3cesis en que estuvieran o por donde transitan\u201d. Cuando el Santo Padre u otra autoridad eclesi\u00e1stica, le ped\u00eda un servicio, por dif\u00edcil que pareciera, exclamaba:<br>\n          <br>\n          <span style=\"font-weight: 700; font-size: 1.5rem;\" class=\"u-text-custom-color-3\">\u201cLos deseos de Su Santidad son para m\u00ed sagrados preceptos\u201d.<\/span>\n          <span class=\"u-text-custom-color-3\" style=\"font-size: 1.5rem;\">\n            <br>\n          <\/span>\n          <br>En Madrid, acepta sustituir al Primer Obispo, vilmente asesinado en la puerta de la Catedral.<br>Desde Valencia, en 1894, llev\u00f3, ante el Papa Le\u00f3n XIII, una peregrinaci\u00f3n de 18,000 obreros.<br>En sus cartas y pastorales fomentaba siempre entre sus fieles la adhesi\u00f3n filial al Sumo Pont\u00edfice, Vicario de Cristo.<br>\n        <\/p>\n      <\/div>\n    <\/section>\n    <section class=\"u-align-left u-clearfix u-custom-color-3 u-section-6\" id=\"sec-65c2\">\n      <div class=\"u-clearfix u-sheet u-valign-middle-xl u-sheet-1\">\n        <div class=\"fr-view u-clearfix u-rich-text u-text u-text-1\">\n          <h1>\n            <span class=\"u-custom-font u-font-montserrat\">CARIDAD CON LOS POBRES<\/span>\n          <\/h1>\n          <p id=\"isPasted\">\n            <span class=\"u-custom-font u-font-montserrat\">\n              <span style=\"font-size: 1.125rem;\">Socorro directamente a los pobres, con sus propios recursos y con lo que recog\u00eda para ellos&nbsp;. A\u00fan siendo Cardenal, iba personalmente a llevar los donativos. Era muy diestro en obtener aportaci\u00f3n monetaria de los ticos para beneficio de los pobres.<\/span>\n            <\/span>\n          <\/p>\n          <p>\n            <span class=\"u-custom-font u-font-montserrat\" style=\"font-size: 1.125rem;\">Fue un gran defensor y promotor de los obreros; se acerc\u00f3 siempre a ellos para brindarles su compa\u00f1\u00eda amistosa, su comprensi\u00f3n, su palabra y su ayuda espiritual y material, no s\u00f3lo a los obreros cat\u00f3licos, sino a los socialistas. Fund\u00f3 la Asociaci\u00f3n de matrimonios pobres; la Asociaci\u00f3n Cat\u00f3lica Obrera; Escuelas gratuitas para obreros; vigoriz\u00f3 las escuelas dominicales para J\u00f3venes obreras.<\/span>\n          <\/p>\n          <p>\n            <span class=\"u-custom-font u-font-montserrat\" style=\"font-size: 1.125rem;\">Abre las puertas de su Palacio Arzobispal, en Valencia, para alojar a muchas familias, sin viviendas, a consecuencias de una inundaci\u00f3n; para ayudar a sostenerlas, rifa su pectoral; habilita en patio de su Palacio Arzobispal en Toledo para almacenar las limosnas que recoge para los pobres&nbsp;.<\/span>\n          <\/p>\n          <p>\n            <span class=\"u-custom-font u-font-montserrat\" style=\"font-size: 1.125rem;\">Las Congregaciones que fund\u00f3 y las que ayud\u00f3 en su fundaci\u00f3n, son todas para el servicio de los pobres.Tuvo siempre para los dem\u00e1s, para s\u00ed no tuvo nada. A su muerte reunieron de limosna lo necesario para su entierro y funeral. Le llamaban:<\/span>\n          <\/p>\n          <blockquote>\n            <p>\n              <span class=\"u-custom-font u-font-montserrat\" style=\"font-size: 1.5rem; font-weight: 700;\">\u201cEl despensero de los pobres\u201d, \u201cEl padre de los obreros\u201d, \u201cEl Obispo Soci\u00f3logo\u201d\u2026<\/span>\n            <\/p>\n          <\/blockquote>\n        <\/div>\n      <\/div>\n    <\/section>\n    <section class=\"u-clearfix u-grey-5 u-section-7\" id=\"sec-0881\">\n      <div class=\"u-clearfix u-sheet u-sheet-1\">\n        <div class=\"u-clearfix u-expanded-width u-gutter-10 u-layout-wrap u-layout-wrap-1\">\n          <div class=\"u-layout\" style=\"\">\n            <div class=\"u-layout-row\" style=\"\">\n              <div class=\"u-container-style u-layout-cell u-left-cell u-size-30 u-size-xs-60 u-layout-cell-1\" src=\"\">\n                <div class=\"u-container-layout u-valign-top u-container-layout-1\">\n                  <h2 class=\"u-align-center u-custom-font u-font-montserrat u-text u-text-default u-text-1\">FUNDADOR<\/h2>\n                  <p class=\"u-align-left u-custom-font u-font-montserrat u-text u-text-2\"> Su labor no termina con su muerte; se proyecta hacia el futuro por medio de sus religiosas. Adem\u00e1s de nuestra Congregaci\u00f3n, fund\u00f3 la Primera Trapa Femenina en Espa\u00f1a. Estas monjas \u201calaban a Dios, cultivan la tierra y extienden a su alrededor el amor al campo\u201d. Con [esto, colaboran en la soluci\u00f3n del problema del \u00e9xodo rural. Actualmente, estas monjas tienen dos Conventos: uno en Alloz, Navarra, y otro en Cartagena, Murcia.<br>\n                    <br>Promovi\u00f3 y ayud\u00f3 en su fundaci\u00f3n a otras religiosas: Hermanas de las Esclavas del Sant\u00edsmo Coraz\u00f3n de Jes\u00fas. Se dedican al culto especial de la Eucarist\u00eda, para reparar las injurias que le infieren los imp\u00edos: y educar, religiosa y civilmente, a los ni\u00f1os, con preferencia pobres&nbsp;.\n                  <\/p>\n                  <a href=\"http:\/\/colegionuestrasenoradelaaltagracia.edu.do\/portal\/cardenal-ciriaco-maria-sancha-hervas\/\" class=\"u-btn u-btn-round u-button-style u-radius-50 u-btn-1\">CONOCE M\u00c1S<\/a>\n                <\/div>\n              <\/div>\n              <div class=\"u-align-center u-container-style u-image u-layout-cell u-right-cell u-size-30 u-size-xs-60 u-image-1\" src=\"\" data-image-width=\"976\" data-image-height=\"890\" style=\"background-image: url(&quot;https:\/\/ccsanchasd.edu.do\/portal\/wp-content\/uploads\/2022\/09\/1582650605658.jpeg&quot;);\">\n                <div class=\"u-container-layout u-valign-middle u-container-layout-2\" src=\"\"><\/div>\n              <\/div>\n            <\/div>\n          <\/div>\n        <\/div>\n      <\/div>\n    <\/section>\n    <section class=\"u-align-center u-clearfix u-custom-color-5 u-section-8\" id=\"sec-610c\">\n      <div class=\"u-clearfix u-sheet u-sheet-1\">\n        <div class=\"u-align-left u-expanded-width-sm u-video u-video-1\">\n          <div class=\"embed-responsive embed-responsive-1\">\n            <iframe style=\"position: absolute;top: 0;left: 0;width: 100%;height: 100%;\" class=\"embed-responsive-item\" src=\"https:\/\/www.youtube.com\/embed\/8k-iFRxNhTw?mute=0&amp;showinfo=0&amp;controls=0&amp;start=0\" frameborder=\"0\" allowfullscreen=\"\"><\/iframe>\n          <\/div>\n        <\/div>\n        <h2 class=\"u-custom-font u-font-montserrat u-text u-text-default u-text-1\"> CONOCE M\u00c1S SOBRE NUESTRO FUNDADOR<\/h2>\n      <\/div>\n    <\/section>\n    <section class=\"u-align-center u-clearfix u-grey-5 u-section-9\" id=\"sec-1626\">\n      <div class=\"u-clearfix u-sheet u-valign-middle u-sheet-1\">\n        <div class=\"u-clearfix u-expanded-width u-layout-wrap u-layout-wrap-1\">\n          <div class=\"u-gutter-0 u-layout\">\n            <div class=\"u-layout-row\">\n              <div class=\"u-align-center u-container-style u-layout-cell u-left-cell u-size-30 u-layout-cell-1\">\n                <div class=\"u-container-layout u-valign-middle u-container-layout-1\">\n                  <h2 class=\"u-custom-font u-font-montserrat u-text u-text-default u-text-1\">Siguenos en nuestras&nbsp;<br>\n                    <span style=\"font-weight: 700;\">redes sociales&nbsp;<\/span>\n                  <\/h2>\n                <\/div>\n              <\/div>\n              <div class=\"u-align-center u-container-style u-layout-cell u-right-cell u-size-30 u-layout-cell-2\">\n                <div class=\"u-container-layout u-valign-middle-lg u-valign-middle-md u-valign-middle-sm u-valign-middle-xl u-container-layout-2\">\n                  <div class=\"u-social-icons u-spacing-10 u-social-icons-1\">\n                    <a class=\"u-social-url\" title=\"facebook\" target=\"_blank\" href=\"https:\/\/m.facebook.com\/profile.php?id=441727335846076\"><span class=\"u-icon u-social-facebook u-social-icon u-icon-1\"><svg class=\"u-svg-link\" preserveAspectRatio=\"xMidYMin slice\" viewBox=\"0 0 112.196 112.196\" style=\"\"><use xlink:href=\"#svg-194c\"><\/use><\/svg><svg class=\"u-svg-content\" viewBox=\"0 0 112.196 112.196\" x=\"0px\" y=\"0px\" id=\"svg-194c\" style=\"enable-background:new 0 0 112.196 112.196;\"><g><circle style=\"fill:currentColor;\" cx=\"56.098\" cy=\"56.098\" r=\"56.098\"><\/circle><path style=\"fill:#FFFFFF;\" d=\"M70.201,58.294h-10.01v36.672H45.025V58.294h-7.213V45.406h7.213v-8.34   c0-5.964,2.833-15.303,15.301-15.303L71.56,21.81v12.51h-8.151c-1.337,0-3.217,0.668-3.217,3.513v7.585h11.334L70.201,58.294z\"><\/path>\n<\/g><\/svg><\/span>\n                    <\/a>\n                    <a class=\"u-social-url\" target=\"_blank\" data-type=\"Instagram\" title=\"Instagram\" href=\"https:\/\/www.instagram.com\/ccs_sde\/?hl=es\"><span class=\"u-icon u-social-icon u-social-instagram u-icon-2\"><svg class=\"u-svg-link\" preserveAspectRatio=\"xMidYMin slice\" viewBox=\"0 0 112 112\" style=\"\"><use xlink:href=\"#svg-7eb4\"><\/use><\/svg><svg class=\"u-svg-content\" viewBox=\"0 0 112 112\" x=\"0\" y=\"0\" id=\"svg-7eb4\"><circle fill=\"currentColor\" cx=\"56.1\" cy=\"56.1\" r=\"55\"><\/circle><path fill=\"#FFFFFF\" d=\"M55.9,38.2c-9.9,0-17.9,8-17.9,17.9C38,66,46,74,55.9,74c9.9,0,17.9-8,17.9-17.9C73.8,46.2,65.8,38.2,55.9,38.2\n            z M55.9,66.4c-5.7,0-10.3-4.6-10.3-10.3c-0.1-5.7,4.6-10.3,10.3-10.3c5.7,0,10.3,4.6,10.3,10.3C66.2,61.8,61.6,66.4,55.9,66.4z\"><\/path><path fill=\"#FFFFFF\" d=\"M74.3,33.5c-2.3,0-4.2,1.9-4.2,4.2s1.9,4.2,4.2,4.2s4.2-1.9,4.2-4.2S76.6,33.5,74.3,33.5z\"><\/path><path fill=\"#FFFFFF\" d=\"M73.1,21.3H38.6c-9.7,0-17.5,7.9-17.5,17.5v34.5c0,9.7,7.9,17.6,17.5,17.6h34.5c9.7,0,17.5-7.9,17.5-17.5V38.8\n            C90.6,29.1,82.7,21.3,73.1,21.3z M83,73.3c0,5.5-4.5,9.9-9.9,9.9H38.6c-5.5,0-9.9-4.5-9.9-9.9V38.8c0-5.5,4.5-9.9,9.9-9.9h34.5\n            c5.5,0,9.9,4.5,9.9,9.9V73.3z\"><\/path><\/svg><\/span>\n                    <\/a>\n                  <\/div>\n                <\/div>\n              <\/div>\n            <\/div>\n          <\/div>\n        <\/div>\n      <\/div>\n    <\/section>\n    \n    \n    \n  \n","protected":false},"excerpt":{"rendered":"<p>CARDENAL CIRIACO MARIA SANCHA&nbsp; \u201cEl auxilio de personas id\u00f3neas y habitaci\u00f3n donde puedan vivir sin la suprema amargura que experimenta el coraz\u00f3n pobre, pues no por ser tal, deja de tener sentimientos\u201d. Ciriaco Mar\u00eda Sancha y Herv\u00e1s fue un arzobispo y patriarca latino espa\u00f1ol, cardenal y te\u00f3logo de la Iglesia cat\u00f3lica. Fue beatificado el 18 &hellip; <a href=\"https:\/\/ccsanchasd.edu.do\/portal\/cardenal-ciriaco-maria-sancha-hervas\/\" class=\"more-link\">Continue reading<span class=\"screen-reader-text\"> \u00abCardenal Ciriaco Mar\u00eda Sancha Herv\u00e1s\u00bb<\/span><\/a><\/p>\n","protected":false},"author":1,"featured_media":0,"parent":0,"menu_order":0,"comment_status":"closed","ping_status":"closed","template":"","meta":{"footnotes":""},"class_list":["post-828","page","type-page","status-publish","hentry"],"_links":{"self":[{"href":"https:\/\/ccsanchasd.edu.do\/portal\/wp-json\/wp\/v2\/pages\/828","targetHints":{"allow":["GET"]}}],"collection":[{"href":"https:\/\/ccsanchasd.edu.do\/portal\/wp-json\/wp\/v2\/pages"}],"about":[{"href":"https:\/\/ccsanchasd.edu.do\/portal\/wp-json\/wp\/v2\/types\/page"}],"author":[{"embeddable":true,"href":"https:\/\/ccsanchasd.edu.do\/portal\/wp-json\/wp\/v2\/users\/1"}],"replies":[{"embeddable":true,"href":"https:\/\/ccsanchasd.edu.do\/portal\/wp-json\/wp\/v2\/comments?post=828"}],"version-history":[{"count":11,"href":"https:\/\/ccsanchasd.edu.do\/portal\/wp-json\/wp\/v2\/pages\/828\/revisions"}],"predecessor-version":[{"id":20174,"href":"https:\/\/ccsanchasd.edu.do\/portal\/wp-json\/wp\/v2\/pages\/828\/revisions\/20174"}],"wp:attachment":[{"href":"https:\/\/ccsanchasd.edu.do\/portal\/wp-json\/wp\/v2\/media?parent=828"}],"curies":[{"name":"wp","href":"https:\/\/api.w.org\/{rel}","templated":true}]}}