{"id":970,"date":"2018-11-02T15:03:09","date_gmt":"2018-11-02T19:03:09","guid":{"rendered":"http:\/\/ccsanchasd.edu.do\/portal\/?page_id=970"},"modified":"2022-11-10T16:36:53","modified_gmt":"2022-11-10T20:36:53","slug":"filosofia-mision-y-vision","status":"publish","type":"page","link":"https:\/\/ccsanchasd.edu.do\/portal\/filosofia-mision-y-vision\/","title":{"rendered":"FILOSOF\u00cdA , MISI\u00d3N Y VISI\u00d3N"},"content":{"rendered":"\n    \n    <section class=\"u-clearfix u-custom-color-5 u-section-2\" id=\"sec-0933\">\n      <div class=\"u-align-left u-clearfix u-sheet u-sheet-1\">\n        <img decoding=\"async\" class=\"u-image u-image-contain u-image-default u-image-1\" src=\"https:\/\/ccsanchasd.edu.do\/portal\/wp-content\/uploads\/2022\/09\/credo-institucional-2.png\" alt=\"\" data-image-width=\"4000\" data-image-height=\"2000\">\n      <\/div>\n    <\/section>\n    \n    \n    \n  \n","protected":false},"excerpt":{"rendered":"","protected":false},"author":101011,"featured_media":0,"parent":0,"menu_order":0,"comment_status":"closed","ping_status":"closed","template":"","meta":{"footnotes":""},"class_list":["post-970","page","type-page","status-publish","hentry"],"_links":{"self":[{"href":"https:\/\/ccsanchasd.edu.do\/portal\/wp-json\/wp\/v2\/pages\/970","targetHints":{"allow":["GET"]}}],"collection":[{"href":"https:\/\/ccsanchasd.edu.do\/portal\/wp-json\/wp\/v2\/pages"}],"about":[{"href":"https:\/\/ccsanchasd.edu.do\/portal\/wp-json\/wp\/v2\/types\/page"}],"author":[{"embeddable":true,"href":"https:\/\/ccsanchasd.edu.do\/portal\/wp-json\/wp\/v2\/users\/101011"}],"replies":[{"embeddable":true,"href":"https:\/\/ccsanchasd.edu.do\/portal\/wp-json\/wp\/v2\/comments?post=970"}],"version-history":[{"count":5,"href":"https:\/\/ccsanchasd.edu.do\/portal\/wp-json\/wp\/v2\/pages\/970\/revisions"}],"predecessor-version":[{"id":20124,"href":"https:\/\/ccsanchasd.edu.do\/portal\/wp-json\/wp\/v2\/pages\/970\/revisions\/20124"}],"wp:attachment":[{"href":"https:\/\/ccsanchasd.edu.do\/portal\/wp-json\/wp\/v2\/media?parent=970"}],"curies":[{"name":"wp","href":"https:\/\/api.w.org\/{rel}","templated":true}]}}